{"id":9116,"date":"2023-10-23T21:19:22","date_gmt":"2023-10-24T00:19:22","guid":{"rendered":"https:\/\/uopdigital.com\/vitta\/?post_type=product&#038;p=9116"},"modified":"2025-09-17T10:45:35","modified_gmt":"2025-09-17T13:45:35","slug":"creatina-300g-newnutrition","status":"publish","type":"product","link":"https:\/\/unavittarp.com.br\/?product=creatina-300g-newnutrition","title":{"rendered":"Creatina 300g NewNutrition"},"content":{"rendered":"<p>Creatina monohidratada micronizada: Entenda as vantagens desta uni\u00e3o<br \/>\nEntre as diferentes creatinas existentes no mercado, e aquelas que apresentam em sua composi\u00e7\u00e3o somente esse amino\u00e1cido, sem incluir outros ingredientes dentro do produto, elas podem se diferenciar em rela\u00e7\u00e3o \u00e0 biodisponibilidade, solubilidade e rapidez de absor\u00e7\u00e3o.<\/p>\n<p>De acordo com a literatura, a creatina monohidratada \u00e9 a mais estudada e parece ser aquela com maior biodisponibilidade, alcan\u00e7ando cerca de 99% de absor\u00e7\u00e3o. Al\u00e9m disso, \u00e9 o tipo de creatina aprovado com alega\u00e7\u00f5es da Ag\u00eancia Nacional de Vigil\u00e2ncia Sanit\u00e1ria (Anvisa) por auxiliar no desempenho f\u00edsico durante exerc\u00edcios repetidos de curta dura\u00e7\u00e3o e alta intensidade, quando consumidos em quantidades recomendadas.<\/p>\n<p>Por sua vez, a solubilidade e a rapidez de absor\u00e7\u00e3o est\u00e3o associadas \u00e0 filtragem e ao tamanho da part\u00edcula da creatina, que se refere a ela ser ou n\u00e3o micronizada. Basicamente, trata-se de um processo que deixa suas part\u00edculas 10x menores do que a vers\u00e3o monohidratada. Resumidamente, a creatina monohidratada parece ser a melhor op\u00e7\u00e3o entre as dispon\u00edveis no mercado, e caso ela seja micronizada, isso pode se tornar um benef\u00edcio extra.<\/p>\n<p>Creatina monohidratada micronizada e o treino<br \/>\nDurante a pr\u00e1tica de exerc\u00edcios f\u00edsicos, muitas vezes ficamos desanimados ou com vontade de otimizar os resultados, n\u00e3o \u00e9 mesmo? Se esse for o seu caso, a creatina monohidratada micronizada da NewNutrition pode ser sua aliada, uma vez que pode auxiliar no aumento do desempenho f\u00edsico durante exerc\u00edcios repetidos de curta dura\u00e7\u00e3o e alta intensidade.<\/p>\n<p>Contudo, \u00e9 importante lembrar que o treinamento f\u00edsico cont\u00ednuo e uma alimenta\u00e7\u00e3o equilibrada s\u00e3o essenciais para um bom resultado em sua sa\u00fade, ok?<\/p>\n<p>Pr\u00e9-treino ou p\u00f3s-treino:<br \/>\nQual \u00e9 o melhor hor\u00e1rio para tomar?<br \/>\nUma d\u00favida bastante comum \u00e9 em rela\u00e7\u00e3o ao melhor hor\u00e1rio para tomar a creatina monohidratada micronizada, se \u00e9 no pr\u00e9 ou p\u00f3s-treino. Bom, respondendo essa pergunta, podemos dizer que a creatina pode ser consumida em qualquer momento do dia, seja antes ou ap\u00f3s o treinamento f\u00edsico.<\/p>\n<p>Como tomar creatina monohidratada micronizada em p\u00f3 300g?<br \/>\n\u00c9 bem simples tomar a creatina monohidratada micronizada em p\u00f3 300g, como voc\u00ea ver\u00e1. Nossa recomenda\u00e7\u00e3o de uso \u00e9 misturar 1 por\u00e7\u00e3o de 3g ou a quantidade indicada pelo seu m\u00e9dico ou nutricionista em 200ml de \u00e1gua ou bebida de sua prefer\u00eancia.<\/p>\n<p>A grande vantagem da creatina \u00e9 que ela pode ser consumida com \u00e1gua, ch\u00e1s ou sucos, e \u00e9 facilmente dissolvida, independentemente da temperatura do l\u00edquido.<\/p>\n","protected":false},"excerpt":{"rendered":"<p>Creatina monohidratada micronizada: Entenda as vantagens desta uni\u00e3o Entre as diferentes creatinas existentes no mercado, e aquelas que apresentam em sua composi\u00e7\u00e3o somente esse amino\u00e1cido, sem incluir outros ingredientes dentro do produto, elas podem se diferenciar em rela\u00e7\u00e3o \u00e0 biodisponibilidade, solubilidade e rapidez de absor\u00e7\u00e3o. De acordo com a literatura, a creatina monohidratada \u00e9 a &hellip; <\/p>\n<p class=\"more-link-wrap\"><a href=\"https:\/\/unavittarp.com.br\/?product=creatina-300g-newnutrition\" class=\"more-link\"><i class=\"opal-icon-plus\" aria-hidden=\"true\"><\/i><span>Read More<span class=\"screen-reader-text\"> &#8220;Creatina 300g NewNutrition&#8221;<\/span><\/span><\/a><\/p>\n","protected":false},"featured_media":9118,"template":"","meta":{"inline_featured_image":false,"_joinchat":[]},"product_cat":[97,91],"product_tag":[],"class_list":{"0":"post-9116","1":"product","2":"type-product","3":"status-publish","4":"has-post-thumbnail","6":"product_cat-newnutrition","7":"product_cat-nutricao-esportiva","9":"first","10":"instock","11":"shipping-taxable","12":"purchasable","13":"product-type-simple"},"_links":{"self":[{"href":"https:\/\/unavittarp.com.br\/index.php?rest_route=\/wp\/v2\/product\/9116","targetHints":{"allow":["GET"]}}],"collection":[{"href":"https:\/\/unavittarp.com.br\/index.php?rest_route=\/wp\/v2\/product"}],"about":[{"href":"https:\/\/unavittarp.com.br\/index.php?rest_route=\/wp\/v2\/types\/product"}],"wp:featuredmedia":[{"embeddable":true,"href":"https:\/\/unavittarp.com.br\/index.php?rest_route=\/wp\/v2\/media\/9118"}],"wp:attachment":[{"href":"https:\/\/unavittarp.com.br\/index.php?rest_route=%2Fwp%2Fv2%2Fmedia&parent=9116"}],"wp:term":[{"taxonomy":"product_cat","embeddable":true,"href":"https:\/\/unavittarp.com.br\/index.php?rest_route=%2Fwp%2Fv2%2Fproduct_cat&post=9116"},{"taxonomy":"product_tag","embeddable":true,"href":"https:\/\/unavittarp.com.br\/index.php?rest_route=%2Fwp%2Fv2%2Fproduct_tag&post=9116"}],"curies":[{"name":"wp","href":"https:\/\/api.w.org\/{rel}","templated":true}]}}