{"id":9113,"date":"2023-10-23T21:17:32","date_gmt":"2023-10-24T00:17:32","guid":{"rendered":"https:\/\/uopdigital.com\/vitta\/?post_type=product&#038;p=9113"},"modified":"2024-09-09T14:48:52","modified_gmt":"2024-09-09T17:48:52","slug":"protina-whey-pote-300g-linhahum","status":"publish","type":"product","link":"https:\/\/unavittarp.com.br\/?product=protina-whey-pote-300g-linhahum","title":{"rendered":"Protina Whey Pote 300g LINHAHUM"},"content":{"rendered":"<p>Protina Whey \u00e9 um suplemento alimentar em p\u00f3, composto por 100% de prote\u00edna do soro do leite isolado (WPI) com 90% de concentra\u00e7\u00e3o proteica.<\/p>\n<p>SABOR: Neutro<br \/>\nAPRESENTA\u00c7\u00c3O: Pote de 300 gramas<br \/>\nRENDIMENTO: 20 por\u00e7\u00f5es de 15 gramas<\/p>\n<p>Informa\u00e7\u00f5es adicionais:<br \/>\n\u00b7 N\u00e3o cont\u00e9m a\u00e7\u00facar.<br \/>\n\u00b7 N\u00e3o cont\u00e9m corante.<br \/>\n\u00b7 N\u00e3o cont\u00e9m gl\u00faten.<br \/>\n\u00b7 Cont\u00e9m lactose.<br \/>\n\u00b7 Al\u00e9rgicos: cont\u00e9m derivados de leite e de soja. (pode conter tra\u00e7os destes ingredientes em fun\u00e7\u00e3o do compartilhamento de equipamentos, por\u00e9m, s\u00e3o adotadas provid\u00eancias rigorosas de controle e limpeza para evitar este acontecimento).<br \/>\n. Para gestantes e lactantes o uso deve ser recomendado por m\u00e9dico ou nutricionista.<\/p>\n<p>Indica\u00e7\u00e3o<br \/>\nProtina Whey \u00e9 indicado para s\u00edntese de massa magra, ou seja, para o ganho de massa muscular. Auxilia na reabilita\u00e7\u00e3o muscular, imunidade e saciedade. Pode ser utilizado para complementar a prote\u00edna da dieta oral ou enteral.<\/p>\n<p>Benef\u00edcios<br \/>\nPossui alto teor de prote\u00ednas (90% de soro do leite isolado &#8211; WPI), \u00f3tima aceita\u00e7\u00e3o, dilui\u00e7\u00e3o e digestibilidade, flexibilidade de dosagem para diferentes faixas et\u00e1rias.<\/p>\n<p>Seu sabor neutro permite a utiliza\u00e7\u00e3o em diversas prepara\u00e7\u00f5es, tanto doces quanto salgadas.<\/p>\n<p>Sugest\u00e3o de Consumo<br \/>\nConsumir 1 por\u00e7\u00e3o (15g) do suplemento alimentar Protina Whey (6 colheres medidas da embalagem) ao dia ou conforme a prescri\u00e7\u00e3o do nutricionista ou m\u00e9dico.<\/p>\n<p>Modo de Preparo<br \/>\nAdicione 6 colheres medidas (15g) de Protina Whey em 200 ml de \u00e1gua ou bebida de sua prefer\u00eancia. Ap\u00f3s a dilui\u00e7\u00e3o consumir imediatamente.<\/p>\n<p>Pode ser adicionado em sucos, leite, caf\u00e9, cappuccino, iogurte, caldos, pur\u00eas, etc.<\/p>\n<p>Cada colher de medida equivale a 2,5 g de produto que corresponde a 2,25g de prote\u00edna. O produto acompanha a colher de medida.<\/p>\n<p>Conserva\u00e7\u00e3o<br \/>\nManter o produto em lugar fresco e arejado. Conserve ao abrigo da luz, calor e umidade. Ap\u00f3s aberto consumir em at\u00e9 30 dias.<\/p>\n","protected":false},"excerpt":{"rendered":"<p>Protina Whey \u00e9 um suplemento alimentar em p\u00f3, composto por 100% de prote\u00edna do soro do leite isolado (WPI) com 90% de concentra\u00e7\u00e3o proteica. SABOR: Neutro APRESENTA\u00c7\u00c3O: Pote de 300 gramas RENDIMENTO: 20 por\u00e7\u00f5es de 15 gramas Informa\u00e7\u00f5es adicionais: \u00b7 N\u00e3o cont\u00e9m a\u00e7\u00facar. \u00b7 N\u00e3o cont\u00e9m corante. \u00b7 N\u00e3o cont\u00e9m gl\u00faten. \u00b7 Cont\u00e9m lactose. \u00b7 &hellip; <\/p>\n<p class=\"more-link-wrap\"><a href=\"https:\/\/unavittarp.com.br\/?product=protina-whey-pote-300g-linhahum\" class=\"more-link\"><i class=\"opal-icon-plus\" aria-hidden=\"true\"><\/i><span>Read More<span class=\"screen-reader-text\"> &#8220;Protina Whey Pote 300g LINHAHUM&#8221;<\/span><\/span><\/a><\/p>\n","protected":false},"featured_media":9115,"template":"","meta":{"inline_featured_image":false,"_joinchat":[]},"product_cat":[102,91],"product_tag":[],"class_list":{"0":"post-9113","1":"product","2":"type-product","3":"status-publish","4":"has-post-thumbnail","6":"product_cat-humalin","7":"product_cat-nutricao-esportiva","9":"first","10":"outofstock","11":"shipping-taxable","12":"purchasable","13":"product-type-simple"},"_links":{"self":[{"href":"https:\/\/unavittarp.com.br\/index.php?rest_route=\/wp\/v2\/product\/9113","targetHints":{"allow":["GET"]}}],"collection":[{"href":"https:\/\/unavittarp.com.br\/index.php?rest_route=\/wp\/v2\/product"}],"about":[{"href":"https:\/\/unavittarp.com.br\/index.php?rest_route=\/wp\/v2\/types\/product"}],"wp:featuredmedia":[{"embeddable":true,"href":"https:\/\/unavittarp.com.br\/index.php?rest_route=\/wp\/v2\/media\/9115"}],"wp:attachment":[{"href":"https:\/\/unavittarp.com.br\/index.php?rest_route=%2Fwp%2Fv2%2Fmedia&parent=9113"}],"wp:term":[{"taxonomy":"product_cat","embeddable":true,"href":"https:\/\/unavittarp.com.br\/index.php?rest_route=%2Fwp%2Fv2%2Fproduct_cat&post=9113"},{"taxonomy":"product_tag","embeddable":true,"href":"https:\/\/unavittarp.com.br\/index.php?rest_route=%2Fwp%2Fv2%2Fproduct_tag&post=9113"}],"curies":[{"name":"wp","href":"https:\/\/api.w.org\/{rel}","templated":true}]}}