{"id":9103,"date":"2023-10-23T21:08:18","date_gmt":"2023-10-24T00:08:18","guid":{"rendered":"https:\/\/uopdigital.com\/vitta\/?post_type=product&#038;p=9103"},"modified":"2025-09-17T10:58:33","modified_gmt":"2025-09-17T13:58:33","slug":"aptamil-rr-800g","status":"publish","type":"product","link":"https:\/\/unavittarp.com.br\/?product=aptamil-rr-800g","title":{"rendered":"Aptamil RR 800g"},"content":{"rendered":"<p>Aptamil AR &#8211; 800g \u2013 Danone<\/p>\n<p>A sa\u00fade dos rec\u00e9m-nascidos e das crian\u00e7as at\u00e9 36 meses necessita de muita aten\u00e7\u00e3o. Alguns, no in\u00edcio da vida, podem sofrer com problemas de refluxo e\/ou regurgita\u00e7\u00e3o. Por isso, o leite Aptamil AR 800g da Danone \u00e9 uma f\u00f3rmula infantil pensada especialmente para eles.<\/p>\n<p>Sua composi\u00e7\u00e3o cont\u00e9m DHA e ARA e goma jata\u00ed 04g\/100 ml. A goma tem fun\u00e7\u00e3o espessante e estabilizante. Ao aumentar a consist\u00eancia do leite a ser ingerido, impede os eventos de refluxo e\/ou regurgita\u00e7\u00e3o. O leite Aptamil n\u00e3o cont\u00e9m gl\u00faten nem sacarose.<\/p>\n<p>Importante: o uso deste produto em crian\u00e7as menores de 1 (um) ano deve ser indicado por orienta\u00e7\u00e3o de um M\u00e9dico e\/ou Nutricionista. O aleitamento materno \u00e9 essencial para a sa\u00fade do beb\u00ea, evitando infec\u00e7\u00f5es e alergias, al\u00e9m de fortalecer o v\u00ednculo entre m\u00e3e e filho.<\/p>\n<p>&nbsp;<\/p>\n","protected":false},"excerpt":{"rendered":"<p>Aptamil AR &#8211; 800g \u2013 Danone A sa\u00fade dos rec\u00e9m-nascidos e das crian\u00e7as at\u00e9 36 meses necessita de muita aten\u00e7\u00e3o. Alguns, no in\u00edcio da vida, podem sofrer com problemas de refluxo e\/ou regurgita\u00e7\u00e3o. Por isso, o leite Aptamil AR 800g da Danone \u00e9 uma f\u00f3rmula infantil pensada especialmente para eles. Sua composi\u00e7\u00e3o cont\u00e9m DHA e &hellip; <\/p>\n<p class=\"more-link-wrap\"><a href=\"https:\/\/unavittarp.com.br\/?product=aptamil-rr-800g\" class=\"more-link\"><i class=\"opal-icon-plus\" aria-hidden=\"true\"><\/i><span>Read More<span class=\"screen-reader-text\"> &#8220;Aptamil RR 800g&#8221;<\/span><\/span><\/a><\/p>\n","protected":false},"featured_media":9455,"template":"","meta":{"inline_featured_image":false,"_joinchat":[]},"product_cat":[96,92],"product_tag":[],"class_list":{"0":"post-9103","1":"product","2":"type-product","3":"status-publish","4":"has-post-thumbnail","6":"product_cat-danone","7":"product_cat-nutricao-infantil","9":"first","10":"onbackorder","11":"shipping-taxable","12":"purchasable","13":"product-type-simple"},"_links":{"self":[{"href":"https:\/\/unavittarp.com.br\/index.php?rest_route=\/wp\/v2\/product\/9103","targetHints":{"allow":["GET"]}}],"collection":[{"href":"https:\/\/unavittarp.com.br\/index.php?rest_route=\/wp\/v2\/product"}],"about":[{"href":"https:\/\/unavittarp.com.br\/index.php?rest_route=\/wp\/v2\/types\/product"}],"wp:featuredmedia":[{"embeddable":true,"href":"https:\/\/unavittarp.com.br\/index.php?rest_route=\/wp\/v2\/media\/9455"}],"wp:attachment":[{"href":"https:\/\/unavittarp.com.br\/index.php?rest_route=%2Fwp%2Fv2%2Fmedia&parent=9103"}],"wp:term":[{"taxonomy":"product_cat","embeddable":true,"href":"https:\/\/unavittarp.com.br\/index.php?rest_route=%2Fwp%2Fv2%2Fproduct_cat&post=9103"},{"taxonomy":"product_tag","embeddable":true,"href":"https:\/\/unavittarp.com.br\/index.php?rest_route=%2Fwp%2Fv2%2Fproduct_tag&post=9103"}],"curies":[{"name":"wp","href":"https:\/\/api.w.org\/{rel}","templated":true}]}}