{"id":9096,"date":"2023-10-23T20:56:58","date_gmt":"2023-10-23T23:56:58","guid":{"rendered":"https:\/\/uopdigital.com\/vitta\/?post_type=product&#038;p=9096"},"modified":"2025-09-17T10:44:07","modified_gmt":"2025-09-17T13:44:07","slug":"fortini-plus-400g-sem-sabor","status":"publish","type":"product","link":"https:\/\/unavittarp.com.br\/?product=fortini-plus-400g-sem-sabor","title":{"rendered":"Fortini Plus 400g sem sabor"},"content":{"rendered":"<p>Fortini Plus Baunilha Em P\u00f3 400g Danone<\/p>\n<p>Indicado para nutri\u00e7\u00e3o enteral ou oral para crian\u00e7as, Fortini Baunilha da Danone \u00e9 uma f\u00f3rmula pedi\u00e1trica nutricionalmente completa, e rica em vitaminas e minerais.<\/p>\n<p>O uso do Fortini Baunilha pode ser indicado pelo nutricionista para que a crian\u00e7a tenha um ganho de peso e crescimento adequado para a idade, garantindo a incremento de macro e micronutrientes.<\/p>\n<p>Dispon\u00edvel no sabor baunilha, o Fortini Danone pode ser adicionado a outros alimentos doces ou consumido de acordo com as indica\u00e7\u00f5es do modo de preparo, ajudando a manter uma dieta saud\u00e1vel.<\/p>\n<p>Indica\u00e7\u00f5es: Para crian\u00e7as em risco nutricional, desnutridas ou com desacelera\u00e7\u00e3o do crescimento, inapetentes, com doen\u00e7as cr\u00f4nicas (ex. fibrose c\u00edstica, cardiopatias, doen\u00e7a cel\u00edaca, c\u00e2ncer, etc), anorexia, estomatite, restri\u00e7\u00e3o h\u00eddrica, em pr\u00e9 ou p\u00f3s operat\u00f3rio.<\/p>\n<p>Recomenda\u00e7\u00f5es de Preparo:<br \/>\nPermite preparo nas dilui\u00e7\u00f5es 1,0kcal\/ml; 1,25kcal\/ml e 1,5kcal\/ml;<br \/>\nPode ser adicionado a outras prepara\u00e7\u00f5es como vitaminas de frutas, leite, sobremesas e outros.<\/p>\n<p>Observa\u00e7\u00f5es:<br \/>\nN\u00e3o cont\u00e9m gl\u00faten. N\u00e3o cont\u00e9m lactose.<br \/>\nUso somente sob orienta\u00e7\u00e3o m\u00e9dica ou de nutricionista.<\/p>\n","protected":false},"excerpt":{"rendered":"<p>Fortini Plus Baunilha Em P\u00f3 400g Danone Indicado para nutri\u00e7\u00e3o enteral ou oral para crian\u00e7as, Fortini Baunilha da Danone \u00e9 uma f\u00f3rmula pedi\u00e1trica nutricionalmente completa, e rica em vitaminas e minerais. O uso do Fortini Baunilha pode ser indicado pelo nutricionista para que a crian\u00e7a tenha um ganho de peso e crescimento adequado para a &hellip; <\/p>\n<p class=\"more-link-wrap\"><a href=\"https:\/\/unavittarp.com.br\/?product=fortini-plus-400g-sem-sabor\" class=\"more-link\"><i class=\"opal-icon-plus\" aria-hidden=\"true\"><\/i><span>Read More<span class=\"screen-reader-text\"> &#8220;Fortini Plus 400g sem sabor&#8221;<\/span><\/span><\/a><\/p>\n","protected":false},"featured_media":9239,"template":"","meta":{"inline_featured_image":false,"_joinchat":[]},"product_cat":[96,92],"product_tag":[],"class_list":{"0":"post-9096","1":"product","2":"type-product","3":"status-publish","4":"has-post-thumbnail","6":"product_cat-danone","7":"product_cat-nutricao-infantil","9":"first","10":"instock","11":"shipping-taxable","12":"purchasable","13":"product-type-simple"},"_links":{"self":[{"href":"https:\/\/unavittarp.com.br\/index.php?rest_route=\/wp\/v2\/product\/9096","targetHints":{"allow":["GET"]}}],"collection":[{"href":"https:\/\/unavittarp.com.br\/index.php?rest_route=\/wp\/v2\/product"}],"about":[{"href":"https:\/\/unavittarp.com.br\/index.php?rest_route=\/wp\/v2\/types\/product"}],"wp:featuredmedia":[{"embeddable":true,"href":"https:\/\/unavittarp.com.br\/index.php?rest_route=\/wp\/v2\/media\/9239"}],"wp:attachment":[{"href":"https:\/\/unavittarp.com.br\/index.php?rest_route=%2Fwp%2Fv2%2Fmedia&parent=9096"}],"wp:term":[{"taxonomy":"product_cat","embeddable":true,"href":"https:\/\/unavittarp.com.br\/index.php?rest_route=%2Fwp%2Fv2%2Fproduct_cat&post=9096"},{"taxonomy":"product_tag","embeddable":true,"href":"https:\/\/unavittarp.com.br\/index.php?rest_route=%2Fwp%2Fv2%2Fproduct_tag&post=9096"}],"curies":[{"name":"wp","href":"https:\/\/api.w.org\/{rel}","templated":true}]}}