{"id":9089,"date":"2023-10-23T20:45:55","date_gmt":"2023-10-23T23:45:55","guid":{"rendered":"https:\/\/uopdigital.com\/vitta\/?post_type=product&#038;p=9089"},"modified":"2025-02-10T12:30:59","modified_gmt":"2025-02-10T15:30:59","slug":"aptanutri-premium-3-800g","status":"publish","type":"product","link":"https:\/\/unavittarp.com.br\/?product=aptanutri-premium-3-800g","title":{"rendered":"Aptanutri Premium 3 800g"},"content":{"rendered":"<p>Aptanutri Premium 3<\/p>\n<p>A f\u00f3rmula infantil \u00e9 utilizada para garantir a nutri\u00e7\u00e3o completa para crian\u00e7as de primeira inf\u00e2ncia. Por isso, o Aptanutri Premium 3 possui prote\u00ednas l\u00e1cteas intactas adicionada de prebi\u00f3ticos exclusivos da Danone Nutricia.<\/p>\n<p>Indicado para crian\u00e7as a partir de 12 meses de idade, a f\u00f3rmula infantil de seguimento Aptanutri Premium 3 possui prote\u00ednas l\u00e1cteas intactas adicionadas de prebi\u00f3ticos exclusivos da Danone Nutricia.<\/p>\n<p>A f\u00f3rmula do Aptanutri Premium 3 cont\u00e9m prebi\u00f3ticos (GOS\/FOS), com adequada rela\u00e7\u00e3o entre \u00f4mega 6 e \u00f4mega 3, e presen\u00e7a de LCPUFAs (DHA e ARA), com vitaminas A, D, zinco e c\u00e1lcio com teor adaptados aos achados do Estudo Nutriplanet Brasil.<\/p>\n<p>Na loja online Nutriport voc\u00ea tem muita praticidade para fazer sua compra e ainda aproveita excelentes condi\u00e7\u00f5es de pagamento. Fa\u00e7a sua compra do Aptanutri Premium 3 Danone em lata de 800 g e aproveite para conhecer nossa linha completa de nutri\u00e7\u00e3o infantil.<\/p>\n<p>Indica\u00e7\u00f5es: crian\u00e7as de primeira inf\u00e2ncia, de 12 at\u00e9 36 meses de vida.<\/p>\n<p>Recomenda\u00e7\u00e3o de preparo:<br \/>\nMantenha os utens\u00edlios sempre limpos, fervendo e esterilizando-os, entre um uso e outro;<br \/>\nUtilize \u00e1gua fervida, esperando esfriar por 15 minutos at\u00e9 atingir a temperatura morna de 70\u00baC;<br \/>\nUtilize a colher-medida, nivelando sempre para obter a quantidade certa;<br \/>\nAdicione a quantidade de colheres-medida e de \u00e1gua conforme a orienta\u00e7\u00e3o do m\u00e9dico ou nutricionista, ou de acordo com a tabela de alimenta\u00e7\u00e3o;<br \/>\nFeche a mamadeira e agite ou misture bem para dissolver completamente;<br \/>\nVerifique a temperatura do produto no pulso.<\/p>\n<p>Observa\u00e7\u00f5es:<br \/>\nN\u00e3o cont\u00e9m gl\u00faten. N\u00e3o cont\u00e9m sacarose.<br \/>\nUso somente sob orienta\u00e7\u00e3o m\u00e9dica ou de nutricionista.<\/p>\n<p>Importante: o uso deste produto em crian\u00e7as menores de 1 ano deve ser indicado por orienta\u00e7\u00e3o de um M\u00e9dico e\/ou Nutricionista. O aleitamento materno \u00e9 essencial para a sa\u00fade do beb\u00ea, evitando infec\u00e7\u00f5es e alergias, al\u00e9m de fortalecer o v\u00ednculo entre m\u00e3e e filho.<\/p>\n","protected":false},"excerpt":{"rendered":"<p>Aptanutri Premium 3 A f\u00f3rmula infantil \u00e9 utilizada para garantir a nutri\u00e7\u00e3o completa para crian\u00e7as de primeira inf\u00e2ncia. Por isso, o Aptanutri Premium 3 possui prote\u00ednas l\u00e1cteas intactas adicionada de prebi\u00f3ticos exclusivos da Danone Nutricia. Indicado para crian\u00e7as a partir de 12 meses de idade, a f\u00f3rmula infantil de seguimento Aptanutri Premium 3 possui prote\u00ednas &hellip; <\/p>\n<p class=\"more-link-wrap\"><a href=\"https:\/\/unavittarp.com.br\/?product=aptanutri-premium-3-800g\" class=\"more-link\"><i class=\"opal-icon-plus\" aria-hidden=\"true\"><\/i><span>Read More<span class=\"screen-reader-text\"> &#8220;Aptanutri Premium 3 800g&#8221;<\/span><\/span><\/a><\/p>\n","protected":false},"featured_media":9237,"template":"","meta":{"inline_featured_image":false,"_joinchat":[]},"product_cat":[96,92],"product_tag":[],"class_list":{"0":"post-9089","1":"product","2":"type-product","3":"status-publish","4":"has-post-thumbnail","6":"product_cat-danone","7":"product_cat-nutricao-infantil","9":"first","10":"onbackorder","11":"shipping-taxable","12":"purchasable","13":"product-type-simple"},"_links":{"self":[{"href":"https:\/\/unavittarp.com.br\/index.php?rest_route=\/wp\/v2\/product\/9089","targetHints":{"allow":["GET"]}}],"collection":[{"href":"https:\/\/unavittarp.com.br\/index.php?rest_route=\/wp\/v2\/product"}],"about":[{"href":"https:\/\/unavittarp.com.br\/index.php?rest_route=\/wp\/v2\/types\/product"}],"wp:featuredmedia":[{"embeddable":true,"href":"https:\/\/unavittarp.com.br\/index.php?rest_route=\/wp\/v2\/media\/9237"}],"wp:attachment":[{"href":"https:\/\/unavittarp.com.br\/index.php?rest_route=%2Fwp%2Fv2%2Fmedia&parent=9089"}],"wp:term":[{"taxonomy":"product_cat","embeddable":true,"href":"https:\/\/unavittarp.com.br\/index.php?rest_route=%2Fwp%2Fv2%2Fproduct_cat&post=9089"},{"taxonomy":"product_tag","embeddable":true,"href":"https:\/\/unavittarp.com.br\/index.php?rest_route=%2Fwp%2Fv2%2Fproduct_tag&post=9089"}],"curies":[{"name":"wp","href":"https:\/\/api.w.org\/{rel}","templated":true}]}}