{"id":9086,"date":"2023-10-23T20:43:38","date_gmt":"2023-10-23T23:43:38","guid":{"rendered":"https:\/\/uopdigital.com\/vitta\/?post_type=product&#038;p=9086"},"modified":"2025-09-17T10:44:48","modified_gmt":"2025-09-17T13:44:48","slug":"infatrini-400g","status":"publish","type":"product","link":"https:\/\/unavittarp.com.br\/?product=infatrini-400g","title":{"rendered":"Infatrini 400g"},"content":{"rendered":"<p>Infatrini Danone &#8211; 400g<\/p>\n<p>Indicada para alimenta\u00e7\u00e3o oral ou enteral, a f\u00f3rmula infantil de seguimento Infatrini Danone foi desenvolvida para lactentes e crian\u00e7as de primeira inf\u00e2ncia. Seu uso \u00e9 recomendado para necessidades dietoter\u00e1picas espec\u00edficas com 1kcal\/ml.<\/p>\n<p>Por ser uma f\u00f3rmula polim\u00e9rica, hipercal\u00f3rica e nutricionalmente completa, o Infatrini ajuda a complementar a alimenta\u00e7\u00e3o. Em sua composi\u00e7\u00e3o s\u00e3o adicionados LCPufas (ARA\/DHA), nucleotideos, beta-caroteno e prebi\u00f3ticos (GOS\/FOS).<\/p>\n<p>Com essa composi\u00e7\u00e3o especial, o Infatrini Danone contribui para o desenvolvimento cognitivo e fortalecimento do sistema imunol\u00f3gico e dos ossos, estimulando um crescimento equilibrado e saud\u00e1vel.<\/p>\n<p>Confira a linha completa de nutri\u00e7\u00e3o infantil.<\/p>\n<p>Indica\u00e7\u00f5es: para crian\u00e7as de 0 a 3 anos de idade, com cardiopatias cong\u00eanitas, fibrose c\u00edstica, insufici\u00eancia respirat\u00f3ria, d\u00e9ficit pondero-estatural ou desacelera\u00e7\u00e3o do crescimento, pr\u00e9 e p\u00f3s-operat\u00f3rio, aceita\u00e7\u00e3o oral insuficiente, restri\u00e7\u00e3o h\u00eddrica, intoler\u00e2ncia a aumento de volume.<\/p>\n<p>Recomenda\u00e7\u00e3o de preparo:<br \/>\nHigienize as m\u00e3os antes de come\u00e7ar o preparo;<br \/>\nLave a mamadeira, o bico e o anel para remover res\u00edduos de f\u00f3rmula e ferva os utens\u00edlios por 5 minutos para esteriliza\u00e7\u00e3o;<br \/>\nUtilize \u00e1gua pot\u00e1vel fervida por 5 minutos e resfriada por cerca de 15 minutos, a uma temperatura recomendada de 70\u00b0C;<br \/>\nSempre utilize a colher-medida contida na embalagem, nivelando para garantir a quantidade adequada;<br \/>\nAdicione a quantidade de colheres-medida de acordo com a orienta\u00e7\u00e3o do m\u00e9dico nutricionista ou de acordo com a tabela de alimenta\u00e7\u00e3o. Siga rigorosamente a orienta\u00e7\u00e3o quanto ao n\u00famero de colheres-medida, pois a adi\u00e7\u00e3o de mais ou menos colheres-medidas pode ser prejudicial \u00e0 sa\u00fade do lactente;<br \/>\nFeche o recipiente e agite at\u00e9 que o p\u00f3 se dissolva por completo;<br \/>\nVerifique a temperatura no pulso antes de oferecer ao lactente.<\/p>\n<p>Observa\u00e7\u00f5es:<br \/>\nN\u00e3o cont\u00e9m gl\u00faten. N\u00e3o cont\u00e9m sacarose.<br \/>\nUso somente sob orienta\u00e7\u00e3o m\u00e9dica ou de nutricionista.<\/p>\n<p>Importante: o uso deste produto em crian\u00e7as menores de 1 ano deve ser indicado por orienta\u00e7\u00e3o de um M\u00e9dico e\/ou Nutricionista. O aleitamento materno \u00e9 essencial para a sa\u00fade do beb\u00ea, evitando infec\u00e7\u00f5es e alergias, al\u00e9m de fortalecer o v\u00ednculo entre m\u00e3e e filho.<\/p>\n","protected":false},"excerpt":{"rendered":"<p>Infatrini Danone &#8211; 400g Indicada para alimenta\u00e7\u00e3o oral ou enteral, a f\u00f3rmula infantil de seguimento Infatrini Danone foi desenvolvida para lactentes e crian\u00e7as de primeira inf\u00e2ncia. Seu uso \u00e9 recomendado para necessidades dietoter\u00e1picas espec\u00edficas com 1kcal\/ml. Por ser uma f\u00f3rmula polim\u00e9rica, hipercal\u00f3rica e nutricionalmente completa, o Infatrini ajuda a complementar a alimenta\u00e7\u00e3o. Em sua composi\u00e7\u00e3o &hellip; <\/p>\n<p class=\"more-link-wrap\"><a href=\"https:\/\/unavittarp.com.br\/?product=infatrini-400g\" class=\"more-link\"><i class=\"opal-icon-plus\" aria-hidden=\"true\"><\/i><span>Read More<span class=\"screen-reader-text\"> &#8220;Infatrini 400g&#8221;<\/span><\/span><\/a><\/p>\n","protected":false},"featured_media":9232,"template":"","meta":{"inline_featured_image":false,"_joinchat":[]},"product_cat":[96,92],"product_tag":[],"class_list":{"0":"post-9086","1":"product","2":"type-product","3":"status-publish","4":"has-post-thumbnail","6":"product_cat-danone","7":"product_cat-nutricao-infantil","9":"first","10":"instock","11":"shipping-taxable","12":"purchasable","13":"product-type-simple"},"_links":{"self":[{"href":"https:\/\/unavittarp.com.br\/index.php?rest_route=\/wp\/v2\/product\/9086","targetHints":{"allow":["GET"]}}],"collection":[{"href":"https:\/\/unavittarp.com.br\/index.php?rest_route=\/wp\/v2\/product"}],"about":[{"href":"https:\/\/unavittarp.com.br\/index.php?rest_route=\/wp\/v2\/types\/product"}],"wp:featuredmedia":[{"embeddable":true,"href":"https:\/\/unavittarp.com.br\/index.php?rest_route=\/wp\/v2\/media\/9232"}],"wp:attachment":[{"href":"https:\/\/unavittarp.com.br\/index.php?rest_route=%2Fwp%2Fv2%2Fmedia&parent=9086"}],"wp:term":[{"taxonomy":"product_cat","embeddable":true,"href":"https:\/\/unavittarp.com.br\/index.php?rest_route=%2Fwp%2Fv2%2Fproduct_cat&post=9086"},{"taxonomy":"product_tag","embeddable":true,"href":"https:\/\/unavittarp.com.br\/index.php?rest_route=%2Fwp%2Fv2%2Fproduct_tag&post=9086"}],"curies":[{"name":"wp","href":"https:\/\/api.w.org\/{rel}","templated":true}]}}