{"id":9080,"date":"2023-10-23T20:35:18","date_gmt":"2023-10-23T23:35:18","guid":{"rendered":"https:\/\/uopdigital.com\/vitta\/?post_type=product&#038;p=9080"},"modified":"2025-07-11T12:48:02","modified_gmt":"2025-07-11T15:48:02","slug":"albumina-500g-newnutrition","status":"publish","type":"product","link":"https:\/\/unavittarp.com.br\/?product=albumina-500g-newnutrition","title":{"rendered":"Albumina 500g NewNutrition"},"content":{"rendered":"<p>\u00c9 um suplemento proteico composto pela prote\u00edna da clara do ovo, conhecida com Albumina.<\/p>\n<p>Possui alto valor biol\u00f3gico, aminograma, balanceado e excelente digestibilidade. \u00c9 caracterizada por ser de m\u00e9dia e lenta absor\u00e7\u00e3o, atuando na repara\u00e7\u00e3o muscular. Egg Protein \u00e9 formulado com mat\u00e9ria prima da mais alta qualidade.<\/p>\n<p>Modo de preparo: 30g em 200ml de agua ou bebida de sua prefer\u00eancia.<\/p>\n","protected":false},"excerpt":{"rendered":"<p>\u00c9 um suplemento proteico composto pela prote\u00edna da clara do ovo, conhecida com Albumina. Possui alto valor biol\u00f3gico, aminograma, balanceado e excelente digestibilidade. \u00c9 caracterizada por ser de m\u00e9dia e lenta absor\u00e7\u00e3o, atuando na repara\u00e7\u00e3o muscular. Egg Protein \u00e9 formulado com mat\u00e9ria prima da mais alta qualidade. Modo de preparo: 30g em 200ml de agua &hellip; <\/p>\n<p class=\"more-link-wrap\"><a href=\"https:\/\/unavittarp.com.br\/?product=albumina-500g-newnutrition\" class=\"more-link\"><i class=\"opal-icon-plus\" aria-hidden=\"true\"><\/i><span>Read More<span class=\"screen-reader-text\"> &#8220;Albumina 500g NewNutrition&#8221;<\/span><\/span><\/a><\/p>\n","protected":false},"featured_media":9495,"template":"","meta":{"inline_featured_image":false,"_joinchat":[]},"product_cat":[97,91],"product_tag":[],"class_list":{"0":"post-9080","1":"product","2":"type-product","3":"status-publish","4":"has-post-thumbnail","6":"product_cat-newnutrition","7":"product_cat-nutricao-esportiva","9":"first","10":"outofstock","11":"shipping-taxable","12":"purchasable","13":"product-type-simple"},"_links":{"self":[{"href":"https:\/\/unavittarp.com.br\/index.php?rest_route=\/wp\/v2\/product\/9080","targetHints":{"allow":["GET"]}}],"collection":[{"href":"https:\/\/unavittarp.com.br\/index.php?rest_route=\/wp\/v2\/product"}],"about":[{"href":"https:\/\/unavittarp.com.br\/index.php?rest_route=\/wp\/v2\/types\/product"}],"wp:featuredmedia":[{"embeddable":true,"href":"https:\/\/unavittarp.com.br\/index.php?rest_route=\/wp\/v2\/media\/9495"}],"wp:attachment":[{"href":"https:\/\/unavittarp.com.br\/index.php?rest_route=%2Fwp%2Fv2%2Fmedia&parent=9080"}],"wp:term":[{"taxonomy":"product_cat","embeddable":true,"href":"https:\/\/unavittarp.com.br\/index.php?rest_route=%2Fwp%2Fv2%2Fproduct_cat&post=9080"},{"taxonomy":"product_tag","embeddable":true,"href":"https:\/\/unavittarp.com.br\/index.php?rest_route=%2Fwp%2Fv2%2Fproduct_tag&post=9080"}],"curies":[{"name":"wp","href":"https:\/\/api.w.org\/{rel}","templated":true}]}}