{"id":9072,"date":"2023-10-23T20:32:56","date_gmt":"2023-10-23T23:32:56","guid":{"rendered":"https:\/\/uopdigital.com\/vitta\/?post_type=product&#038;p=9072"},"modified":"2025-09-17T10:45:52","modified_gmt":"2025-09-17T13:45:52","slug":"whey-isolado-900g-newnutrition","status":"publish","type":"product","link":"https:\/\/unavittarp.com.br\/?product=whey-isolado-900g-newnutrition","title":{"rendered":"Whey Isolado 900g NewNutrition"},"content":{"rendered":"<p>O que \u00e9 o whey protein isolado?<br \/>\nTamb\u00e9m conhecido como whey iso, iso whey e whey isolate, o Whey Protein Isolado (WPI) se refere a uma prote\u00edna obtida a partir de processos de filtra\u00e7\u00e3o e microfiltra\u00e7\u00e3o do soro do leite bovino, quando submetido \u00e0 baixas temperaturas e sem adi\u00e7\u00e3o de produtos qu\u00edmicos.<\/p>\n<p>Ele possui mais de 90% de concentra\u00e7\u00e3o em prote\u00ednas de elevado valor biol\u00f3gico e elevadas quantidades de todos os amino\u00e1cidos essenciais para o organismo, incluindo os BCAAs e a glutamina.<\/p>\n<p>Um dos grandes diferenciais do Whey Isolado \u00e9 que ele possui baixas quantidades de gorduras e carboidratos, incluindo a lactose. Uma caracter\u00edstica marcante \u00e9 seu elevado valor nutricional e uma \u00f3tima absor\u00e7\u00e3o.<\/p>\n","protected":false},"excerpt":{"rendered":"<p>O que \u00e9 o whey protein isolado? Tamb\u00e9m conhecido como whey iso, iso whey e whey isolate, o Whey Protein Isolado (WPI) se refere a uma prote\u00edna obtida a partir de processos de filtra\u00e7\u00e3o e microfiltra\u00e7\u00e3o do soro do leite bovino, quando submetido \u00e0 baixas temperaturas e sem adi\u00e7\u00e3o de produtos qu\u00edmicos. Ele possui mais &hellip; <\/p>\n<p class=\"more-link-wrap\"><a href=\"https:\/\/unavittarp.com.br\/?product=whey-isolado-900g-newnutrition\" class=\"more-link\"><i class=\"opal-icon-plus\" aria-hidden=\"true\"><\/i><span>Read More<span class=\"screen-reader-text\"> &#8220;Whey Isolado 900g NewNutrition&#8221;<\/span><\/span><\/a><\/p>\n","protected":false},"featured_media":9078,"template":"","meta":{"inline_featured_image":false,"_joinchat":[]},"product_cat":[97,91],"product_tag":[],"class_list":{"0":"post-9072","1":"product","2":"type-product","3":"status-publish","4":"has-post-thumbnail","6":"product_cat-newnutrition","7":"product_cat-nutricao-esportiva","9":"first","10":"instock","11":"shipping-taxable","12":"purchasable","13":"product-type-simple"},"_links":{"self":[{"href":"https:\/\/unavittarp.com.br\/index.php?rest_route=\/wp\/v2\/product\/9072","targetHints":{"allow":["GET"]}}],"collection":[{"href":"https:\/\/unavittarp.com.br\/index.php?rest_route=\/wp\/v2\/product"}],"about":[{"href":"https:\/\/unavittarp.com.br\/index.php?rest_route=\/wp\/v2\/types\/product"}],"wp:featuredmedia":[{"embeddable":true,"href":"https:\/\/unavittarp.com.br\/index.php?rest_route=\/wp\/v2\/media\/9078"}],"wp:attachment":[{"href":"https:\/\/unavittarp.com.br\/index.php?rest_route=%2Fwp%2Fv2%2Fmedia&parent=9072"}],"wp:term":[{"taxonomy":"product_cat","embeddable":true,"href":"https:\/\/unavittarp.com.br\/index.php?rest_route=%2Fwp%2Fv2%2Fproduct_cat&post=9072"},{"taxonomy":"product_tag","embeddable":true,"href":"https:\/\/unavittarp.com.br\/index.php?rest_route=%2Fwp%2Fv2%2Fproduct_tag&post=9072"}],"curies":[{"name":"wp","href":"https:\/\/api.w.org\/{rel}","templated":true}]}}