{"id":9062,"date":"2023-10-23T20:30:52","date_gmt":"2023-10-23T23:30:52","guid":{"rendered":"https:\/\/uopdigital.com\/vitta\/?post_type=product&#038;p=9062"},"modified":"2025-09-17T10:47:00","modified_gmt":"2025-09-17T13:47:00","slug":"whey-protein-concentrado-900g-newnutrition","status":"publish","type":"product","link":"https:\/\/unavittarp.com.br\/?product=whey-protein-concentrado-900g-newnutrition","title":{"rendered":"Whey Protein Concentrado 900g NewNutrition"},"content":{"rendered":"<p>Whey Protein \u00e9 uma prote\u00edna obtida a partir de processos de filtra\u00e7\u00e3o e microfiltra\u00e7\u00e3o do soro do leite bovino. Dependendo da concentra\u00e7\u00e3o de prote\u00ednas pode ser classificado como concentrado 80%, Whey Protein Isolado 90% ou Whey Protein Hidrolisado mais de 90%.<br \/>\nO Whey Protein Concentrado tem 80% de concentra\u00e7\u00e3o em prote\u00edna de alto valor biol\u00f3gico, pois fornece todos os amino\u00e1cidos essenciais para o organismo, inclusive os BCAAs e glutamina.<br \/>\nPossui como caracter\u00edsticas marcantes seu elevado valor nutricional e uma r\u00e1pida absor\u00e7\u00e3o, disponibilizando assim amino\u00e1cidos para a recupera\u00e7\u00e3o das c\u00e9lulas musculares e para a s\u00edntese proteica.<\/p>\n<p>Indica\u00e7\u00e3o de uso:<br \/>\n\u00e9 indicado como complemento proteico da alimenta\u00e7\u00e3o, sendo um produto com baixa quantidade de carboidrato e gordura.<br \/>\n\u00e9 ideal tamb\u00e9m para aqueles que visam recupera\u00e7\u00e3o muscular, ganho de massa muscular e\/ou perda de gordura corporal, pois o produto tamb\u00e9m auxilia na saciedade.<\/p>\n<p>Benef\u00edcios:<br \/>\nProte\u00edna de soro do leite bovino concentrada (80%);<br \/>\nBaixas quantidades de gorduras e carboidratos;<br \/>\nF\u00e1cil digestibilidade e \u00f3tima absor\u00e7\u00e3o;<br \/>\nFavorece o aumento ou a manuten\u00e7\u00e3o da massa muscular em praticantes de exerc\u00edcios f\u00edsicos;<br \/>\nAumento da saciedade, auxiliando no emagrecimento;<br \/>\nAs prote\u00ednas auxiliam na forma\u00e7\u00e3o dos m\u00fasculos e ossos;<br \/>\nMat\u00e9ria prima importada.<\/p>\n<p>Recomenda\u00e7\u00e3o de uso:<br \/>\nMisturar 30g (2 medidores) em 200ml de \u00e1gua.<br \/>\nEste produto destina-se a atletas e indiv\u00edduos acima de 19 anos. Este produto n\u00e3o \u00e9 um medicamento. N\u00e3o exceder a recomenda\u00e7\u00e3o di\u00e1ria de consumo indicada na embalagem. Mantenha fora do alcance de crian\u00e7as.<\/p>\n<p>Informa\u00e7\u00f5es nutricionais:<br \/>\nPor\u00e7\u00e3o: 30g<br \/>\nLista de Ingredientes: prote\u00edna concentrada do soro de leite. N\u00e3o cont\u00e9m gl\u00faten. Cont\u00e9m lactose. Al\u00e9rgicos: Cont\u00e9m derivados de leite.<\/p>\n","protected":false},"excerpt":{"rendered":"<p>Whey Protein \u00e9 uma prote\u00edna obtida a partir de processos de filtra\u00e7\u00e3o e microfiltra\u00e7\u00e3o do soro do leite bovino. Dependendo da concentra\u00e7\u00e3o de prote\u00ednas pode ser classificado como concentrado 80%, Whey Protein Isolado 90% ou Whey Protein Hidrolisado mais de 90%. O Whey Protein Concentrado tem 80% de concentra\u00e7\u00e3o em prote\u00edna de alto valor biol\u00f3gico, &hellip; <\/p>\n<p class=\"more-link-wrap\"><a href=\"https:\/\/unavittarp.com.br\/?product=whey-protein-concentrado-900g-newnutrition\" class=\"more-link\"><i class=\"opal-icon-plus\" aria-hidden=\"true\"><\/i><span>Read More<span class=\"screen-reader-text\"> &#8220;Whey Protein Concentrado 900g NewNutrition&#8221;<\/span><\/span><\/a><\/p>\n","protected":false},"featured_media":9071,"template":"","meta":{"inline_featured_image":false,"_joinchat":[]},"product_cat":[97,91],"product_tag":[],"class_list":{"0":"post-9062","1":"product","2":"type-product","3":"status-publish","4":"has-post-thumbnail","6":"product_cat-newnutrition","7":"product_cat-nutricao-esportiva","9":"first","10":"instock","11":"shipping-taxable","12":"purchasable","13":"product-type-simple"},"_links":{"self":[{"href":"https:\/\/unavittarp.com.br\/index.php?rest_route=\/wp\/v2\/product\/9062","targetHints":{"allow":["GET"]}}],"collection":[{"href":"https:\/\/unavittarp.com.br\/index.php?rest_route=\/wp\/v2\/product"}],"about":[{"href":"https:\/\/unavittarp.com.br\/index.php?rest_route=\/wp\/v2\/types\/product"}],"wp:featuredmedia":[{"embeddable":true,"href":"https:\/\/unavittarp.com.br\/index.php?rest_route=\/wp\/v2\/media\/9071"}],"wp:attachment":[{"href":"https:\/\/unavittarp.com.br\/index.php?rest_route=%2Fwp%2Fv2%2Fmedia&parent=9062"}],"wp:term":[{"taxonomy":"product_cat","embeddable":true,"href":"https:\/\/unavittarp.com.br\/index.php?rest_route=%2Fwp%2Fv2%2Fproduct_cat&post=9062"},{"taxonomy":"product_tag","embeddable":true,"href":"https:\/\/unavittarp.com.br\/index.php?rest_route=%2Fwp%2Fv2%2Fproduct_tag&post=9062"}],"curies":[{"name":"wp","href":"https:\/\/api.w.org\/{rel}","templated":true}]}}