{"id":9060,"date":"2023-10-23T20:27:29","date_gmt":"2023-10-23T23:27:29","guid":{"rendered":"https:\/\/uopdigital.com\/vitta\/?post_type=product&#038;p=9060"},"modified":"2025-09-17T11:12:59","modified_gmt":"2025-09-17T14:12:59","slug":"carboch-400g","status":"publish","type":"product","link":"https:\/\/unavittarp.com.br\/?product=carboch-400g","title":{"rendered":"CarboCH 400g"},"content":{"rendered":"<p>O REFOR\u00c7O DE ENERGIA QUE VOC\u00ca PRECISA!<\/p>\n<p>CarboCH \u00e9 ideal para quem precisa de mais energia no dia a dia. Podendo ser utilizado como pr\u00e1tica para abrevia\u00e7\u00e3o do jejum pr\u00e9 operat\u00f3rio na ingest\u00e3o de l\u00edquidos claros com carboidratos. Al\u00e9m de ser vers\u00e1til, sem sabor e pode ser adicionado a prepara\u00e7\u00f5es diversas doces ou salgadas.<\/p>\n<p>INDICA\u00c7\u00c3O<br \/>\nNecessidade elevada de calorias e abrevia\u00e7\u00e3o de jejum pr\u00e9 operat\u00f3rio.<\/p>\n","protected":false},"excerpt":{"rendered":"<p>O REFOR\u00c7O DE ENERGIA QUE VOC\u00ca PRECISA! CarboCH \u00e9 ideal para quem precisa de mais energia no dia a dia. Podendo ser utilizado como pr\u00e1tica para abrevia\u00e7\u00e3o do jejum pr\u00e9 operat\u00f3rio na ingest\u00e3o de l\u00edquidos claros com carboidratos. Al\u00e9m de ser vers\u00e1til, sem sabor e pode ser adicionado a prepara\u00e7\u00f5es diversas doces ou salgadas. INDICA\u00c7\u00c3O &hellip; <\/p>\n<p class=\"more-link-wrap\"><a href=\"https:\/\/unavittarp.com.br\/?product=carboch-400g\" class=\"more-link\"><i class=\"opal-icon-plus\" aria-hidden=\"true\"><\/i><span>Read More<span class=\"screen-reader-text\"> &#8220;CarboCH 400g&#8221;<\/span><\/span><\/a><\/p>\n","protected":false},"featured_media":9061,"template":"","meta":{"inline_featured_image":false,"_joinchat":[]},"product_cat":[100,93],"product_tag":[],"class_list":{"0":"post-9060","1":"product","2":"type-product","3":"status-publish","4":"has-post-thumbnail","6":"product_cat-prodiet","7":"product_cat-suplementos-alimentares","9":"first","10":"onbackorder","11":"shipping-taxable","12":"purchasable","13":"product-type-simple"},"_links":{"self":[{"href":"https:\/\/unavittarp.com.br\/index.php?rest_route=\/wp\/v2\/product\/9060","targetHints":{"allow":["GET"]}}],"collection":[{"href":"https:\/\/unavittarp.com.br\/index.php?rest_route=\/wp\/v2\/product"}],"about":[{"href":"https:\/\/unavittarp.com.br\/index.php?rest_route=\/wp\/v2\/types\/product"}],"wp:featuredmedia":[{"embeddable":true,"href":"https:\/\/unavittarp.com.br\/index.php?rest_route=\/wp\/v2\/media\/9061"}],"wp:attachment":[{"href":"https:\/\/unavittarp.com.br\/index.php?rest_route=%2Fwp%2Fv2%2Fmedia&parent=9060"}],"wp:term":[{"taxonomy":"product_cat","embeddable":true,"href":"https:\/\/unavittarp.com.br\/index.php?rest_route=%2Fwp%2Fv2%2Fproduct_cat&post=9060"},{"taxonomy":"product_tag","embeddable":true,"href":"https:\/\/unavittarp.com.br\/index.php?rest_route=%2Fwp%2Fv2%2Fproduct_tag&post=9060"}],"curies":[{"name":"wp","href":"https:\/\/api.w.org\/{rel}","templated":true}]}}