{"id":9058,"date":"2023-10-23T20:25:25","date_gmt":"2023-10-23T23:25:25","guid":{"rendered":"https:\/\/uopdigital.com\/vitta\/?post_type=product&#038;p=9058"},"modified":"2025-02-10T13:02:53","modified_gmt":"2025-02-10T16:02:53","slug":"glucerna-sr-400g","status":"publish","type":"product","link":"https:\/\/unavittarp.com.br\/?product=glucerna-sr-400g","title":{"rendered":"Glucerna SR 400g"},"content":{"rendered":"<p>Glucerna foi desenvolvido especialmente para pessoas com diabetes. Sua f\u00f3rmula exclusiva com carboidrato de lenta absor\u00e7\u00e3o ajuda a manter est\u00e1veis os n\u00edveis de a\u00e7\u00facar no sangue para que voc\u00ea mantenha sua rotina e siga sendo voc\u00ea. *2,3<\/p>\n<p>\u2022 Controle Glic\u00eamico: Possui carboidrato de lenta absor\u00e7\u00e3o com baixo indice glic\u00eamico. 1-5<\/p>\n<p>\u2022 F\u00f3rmula hiperproteica: Auxilia no ganho da massa muscular. 1-5<\/p>\n<p>\u2022 Com fibras: A\u00e7\u00e3o prebi\u00f3tica das fibras que auxiliam no funcionamento do intestino. 1-5<\/p>\n<p>\u2022 Sem adi\u00e7\u00e3o de sacarose: Delicioso sabor ado\u00e7ado com maltitol. 1-5,10<\/p>\n<p>Sua f\u00e1cil prepara\u00e7\u00e3o ajuda voc\u00ea a obter os carboidratos de lenta absor\u00e7\u00e3o, fibras, vitaminas e \u00e1cidos graxos \u00d4mega 3 que s\u00e3o favor\u00e1veis ao seu corpo.<\/p>\n","protected":false},"excerpt":{"rendered":"<p>Glucerna foi desenvolvido especialmente para pessoas com diabetes. Sua f\u00f3rmula exclusiva com carboidrato de lenta absor\u00e7\u00e3o ajuda a manter est\u00e1veis os n\u00edveis de a\u00e7\u00facar no sangue para que voc\u00ea mantenha sua rotina e siga sendo voc\u00ea. *2,3 \u2022 Controle Glic\u00eamico: Possui carboidrato de lenta absor\u00e7\u00e3o com baixo indice glic\u00eamico. 1-5 \u2022 F\u00f3rmula hiperproteica: Auxilia no &hellip; <\/p>\n<p class=\"more-link-wrap\"><a href=\"https:\/\/unavittarp.com.br\/?product=glucerna-sr-400g\" class=\"more-link\"><i class=\"opal-icon-plus\" aria-hidden=\"true\"><\/i><span>Read More<span class=\"screen-reader-text\"> &#8220;Glucerna SR 400g&#8221;<\/span><\/span><\/a><\/p>\n","protected":false},"featured_media":9246,"template":"","meta":{"inline_featured_image":false,"_joinchat":[]},"product_cat":[101,93],"product_tag":[],"class_list":{"0":"post-9058","1":"product","2":"type-product","3":"status-publish","4":"has-post-thumbnail","6":"product_cat-abbott","7":"product_cat-suplementos-alimentares","9":"first","10":"outofstock","11":"shipping-taxable","12":"purchasable","13":"product-type-simple"},"_links":{"self":[{"href":"https:\/\/unavittarp.com.br\/index.php?rest_route=\/wp\/v2\/product\/9058","targetHints":{"allow":["GET"]}}],"collection":[{"href":"https:\/\/unavittarp.com.br\/index.php?rest_route=\/wp\/v2\/product"}],"about":[{"href":"https:\/\/unavittarp.com.br\/index.php?rest_route=\/wp\/v2\/types\/product"}],"wp:featuredmedia":[{"embeddable":true,"href":"https:\/\/unavittarp.com.br\/index.php?rest_route=\/wp\/v2\/media\/9246"}],"wp:attachment":[{"href":"https:\/\/unavittarp.com.br\/index.php?rest_route=%2Fwp%2Fv2%2Fmedia&parent=9058"}],"wp:term":[{"taxonomy":"product_cat","embeddable":true,"href":"https:\/\/unavittarp.com.br\/index.php?rest_route=%2Fwp%2Fv2%2Fproduct_cat&post=9058"},{"taxonomy":"product_tag","embeddable":true,"href":"https:\/\/unavittarp.com.br\/index.php?rest_route=%2Fwp%2Fv2%2Fproduct_tag&post=9058"}],"curies":[{"name":"wp","href":"https:\/\/api.w.org\/{rel}","templated":true}]}}