{"id":9054,"date":"2023-10-23T20:22:31","date_gmt":"2023-10-23T23:22:31","guid":{"rendered":"https:\/\/uopdigital.com\/vitta\/?post_type=product&#038;p=9054"},"modified":"2025-09-17T11:13:33","modified_gmt":"2025-09-17T14:13:33","slug":"nutren-1-0-400g","status":"publish","type":"product","link":"https:\/\/unavittarp.com.br\/?product=nutren-1-0-400g","title":{"rendered":"Isosource 1.0 400g"},"content":{"rendered":"<p>CONTE\u00daDO: 400g<\/p>\n<p>USO: oral\/enteral<\/p>\n<p>FABRICANTE: Nestl\u00e9 Health Science<\/p>\n<p>SABOR: Baunilha<\/p>\n<p>PARA QUE SERVE NUTREN 1.0?<br \/>\nNutren 1.0 foi criado especialmente para atender \u00e0s necessidades nutricionais de um indiv\u00edduo, proporcionando a manuten\u00e7\u00e3o ou recupera\u00e7\u00e3o de seu estado nutricional, podendo ser indicado para idosos, adultos e crian\u00e7as a partir dos 10 anos de idade. \u00c9 uma f\u00f3rmula normocal\u00f3rica, normolip\u00eddica e normoproteica (na dilui\u00e7\u00e3o padr\u00e3o).<\/p>\n<p>COMO NUTREN 1.0 FUNCIONA?<br \/>\nProporciona a manuten\u00e7\u00e3o ou recupera\u00e7\u00e3o de seu estado nutricional.<\/p>\n","protected":false},"excerpt":{"rendered":"<p>CONTE\u00daDO: 400g USO: oral\/enteral FABRICANTE: Nestl\u00e9 Health Science SABOR: Baunilha PARA QUE SERVE NUTREN 1.0? Nutren 1.0 foi criado especialmente para atender \u00e0s necessidades nutricionais de um indiv\u00edduo, proporcionando a manuten\u00e7\u00e3o ou recupera\u00e7\u00e3o de seu estado nutricional, podendo ser indicado para idosos, adultos e crian\u00e7as a partir dos 10 anos de idade. \u00c9 uma f\u00f3rmula &hellip; <\/p>\n<p class=\"more-link-wrap\"><a href=\"https:\/\/unavittarp.com.br\/?product=nutren-1-0-400g\" class=\"more-link\"><i class=\"opal-icon-plus\" aria-hidden=\"true\"><\/i><span>Read More<span class=\"screen-reader-text\"> &#8220;Isosource 1.0 400g&#8221;<\/span><\/span><\/a><\/p>\n","protected":false},"featured_media":9497,"template":"","meta":{"inline_featured_image":false,"_joinchat":[]},"product_cat":[95,93],"product_tag":[],"class_list":{"0":"post-9054","1":"product","2":"type-product","3":"status-publish","4":"has-post-thumbnail","6":"product_cat-nestle","7":"product_cat-suplementos-alimentares","9":"first","10":"instock","11":"sale","12":"shipping-taxable","13":"purchasable","14":"product-type-simple"},"_links":{"self":[{"href":"https:\/\/unavittarp.com.br\/index.php?rest_route=\/wp\/v2\/product\/9054","targetHints":{"allow":["GET"]}}],"collection":[{"href":"https:\/\/unavittarp.com.br\/index.php?rest_route=\/wp\/v2\/product"}],"about":[{"href":"https:\/\/unavittarp.com.br\/index.php?rest_route=\/wp\/v2\/types\/product"}],"wp:featuredmedia":[{"embeddable":true,"href":"https:\/\/unavittarp.com.br\/index.php?rest_route=\/wp\/v2\/media\/9497"}],"wp:attachment":[{"href":"https:\/\/unavittarp.com.br\/index.php?rest_route=%2Fwp%2Fv2%2Fmedia&parent=9054"}],"wp:term":[{"taxonomy":"product_cat","embeddable":true,"href":"https:\/\/unavittarp.com.br\/index.php?rest_route=%2Fwp%2Fv2%2Fproduct_cat&post=9054"},{"taxonomy":"product_tag","embeddable":true,"href":"https:\/\/unavittarp.com.br\/index.php?rest_route=%2Fwp%2Fv2%2Fproduct_tag&post=9054"}],"curies":[{"name":"wp","href":"https:\/\/api.w.org\/{rel}","templated":true}]}}