{"id":9050,"date":"2023-10-23T20:20:15","date_gmt":"2023-10-23T23:20:15","guid":{"rendered":"https:\/\/uopdigital.com\/vitta\/?post_type=product&#038;p=9050"},"modified":"2025-02-10T12:33:53","modified_gmt":"2025-02-10T15:33:53","slug":"calogen-danone-sem-sabor-200ml","status":"publish","type":"product","link":"https:\/\/unavittarp.com.br\/?product=calogen-danone-sem-sabor-200ml","title":{"rendered":"Calogen Danone Sem Sabor 200ml"},"content":{"rendered":"<p>Calogen Danone Sem Sabor &#8211; 200 mL<\/p>\n<p>Quando os pacientes t\u00eam alguma dificuldade de ingest\u00e3o de calorias, o Calogen Danone pode ser recomendado para suplementar a alimenta\u00e7\u00e3o, por ser uma fonte energ\u00e9tica com alta densidade cal\u00f3rica pronta para uso oral ou enteral (4,5kcal\/ml).<\/p>\n<p>Calogen Danone \u00e9 uma emuls\u00e3o de lip\u00eddios sem sabor, composta por triglicer\u00eddeos de cadeia longa (TCL). Sua f\u00f3rmula cont\u00e9m \u00f3leos vegetais de canola e girassol, \u00e1gua, emulsificante \u00e9steres de mono e diglicer\u00eddeos de \u00e1cidos graxos com \u00e1cido c\u00edtrico. Al\u00e9m disso, apresenta o seguinte perfil lip\u00eddico: monoinsaturados (60,7% do VET), poli-insaturados (28,6% do VET) e saturados (10,7% do VET); isento de vitaminas, minerais e prote\u00ednas.<\/p>\n<p>Somos uma loja especializada em nutri\u00e7\u00e3o para situa\u00e7\u00f5es metab\u00f3licas especiais. Por isso, al\u00e9m do Calogen Danone, aqui voc\u00ea encontra uma categoria completa de suplementos alimentares. Aproveite as excelentes condi\u00e7\u00f5es de pagamento e fa\u00e7a sua compra.<\/p>\n<p>Indica\u00e7\u00e3o: Calogen Danone \u00e9 recomendado para pacientes com baixa ingest\u00e3o cal\u00f3rica ou d\u00e9ficit cal\u00f3rico, perda de peso de dif\u00edcil recupera\u00e7\u00e3o e desnutri\u00e7\u00e3o ou caquexia, comuns nas seguintes situa\u00e7\u00f5es: idosos inapetentes, c\u00e2ncer, AIDS, DPOC, caquexia card\u00edaca, dem\u00eancia, Parkinson, ALzheimer, insufici\u00eancia renal.<\/p>\n<p>Observa\u00e7\u00e3o:<br \/>\nN\u00e3o cont\u00e9m gl\u00faten. N\u00e3o cont\u00e9m sacarose. N\u00e3o cont\u00e9m lactose.<br \/>\nProduto de uso hospitalar, consulte sempre um m\u00e9dico especialista.<\/p>\n","protected":false},"excerpt":{"rendered":"<p>Calogen Danone Sem Sabor &#8211; 200 mL Quando os pacientes t\u00eam alguma dificuldade de ingest\u00e3o de calorias, o Calogen Danone pode ser recomendado para suplementar a alimenta\u00e7\u00e3o, por ser uma fonte energ\u00e9tica com alta densidade cal\u00f3rica pronta para uso oral ou enteral (4,5kcal\/ml). Calogen Danone \u00e9 uma emuls\u00e3o de lip\u00eddios sem sabor, composta por triglicer\u00eddeos &hellip; <\/p>\n<p class=\"more-link-wrap\"><a href=\"https:\/\/unavittarp.com.br\/?product=calogen-danone-sem-sabor-200ml\" class=\"more-link\"><i class=\"opal-icon-plus\" aria-hidden=\"true\"><\/i><span>Read More<span class=\"screen-reader-text\"> &#8220;Calogen Danone Sem Sabor 200ml&#8221;<\/span><\/span><\/a><\/p>\n","protected":false},"featured_media":9051,"template":"","meta":{"inline_featured_image":false,"_joinchat":[]},"product_cat":[96,93],"product_tag":[],"class_list":{"0":"post-9050","1":"product","2":"type-product","3":"status-publish","4":"has-post-thumbnail","6":"product_cat-danone","7":"product_cat-suplementos-alimentares","9":"first","10":"instock","11":"shipping-taxable","12":"purchasable","13":"product-type-simple"},"_links":{"self":[{"href":"https:\/\/unavittarp.com.br\/index.php?rest_route=\/wp\/v2\/product\/9050","targetHints":{"allow":["GET"]}}],"collection":[{"href":"https:\/\/unavittarp.com.br\/index.php?rest_route=\/wp\/v2\/product"}],"about":[{"href":"https:\/\/unavittarp.com.br\/index.php?rest_route=\/wp\/v2\/types\/product"}],"wp:featuredmedia":[{"embeddable":true,"href":"https:\/\/unavittarp.com.br\/index.php?rest_route=\/wp\/v2\/media\/9051"}],"wp:attachment":[{"href":"https:\/\/unavittarp.com.br\/index.php?rest_route=%2Fwp%2Fv2%2Fmedia&parent=9050"}],"wp:term":[{"taxonomy":"product_cat","embeddable":true,"href":"https:\/\/unavittarp.com.br\/index.php?rest_route=%2Fwp%2Fv2%2Fproduct_cat&post=9050"},{"taxonomy":"product_tag","embeddable":true,"href":"https:\/\/unavittarp.com.br\/index.php?rest_route=%2Fwp%2Fv2%2Fproduct_tag&post=9050"}],"curies":[{"name":"wp","href":"https:\/\/api.w.org\/{rel}","templated":true}]}}