{"id":9044,"date":"2023-10-23T20:11:11","date_gmt":"2023-10-23T23:11:11","guid":{"rendered":"https:\/\/uopdigital.com\/vitta\/?post_type=product&#038;p=9044"},"modified":"2025-02-10T13:04:12","modified_gmt":"2025-02-10T16:04:12","slug":"pediasure-400g-abbott-baunilha","status":"publish","type":"product","link":"https:\/\/unavittarp.com.br\/?product=pediasure-400g-abbott-baunilha","title":{"rendered":"Pediasure 400g Abbott Baunilha"},"content":{"rendered":"<p>PEDIASURE COMPLETE<\/p>\n<p>Alimento nutricionalmente completo, para uso oral ou enteral, para auxiliar no crescimento e desenvolvimento de crian\u00e7as com dificuldades alimentares ou com necessidade de manuten\u00e7\u00e3o ou recupera\u00e7\u00e3o do estado nutricional. Normocal\u00f3rica (1.0 cal\/ml) em sua dilui\u00e7\u00e3o padr\u00e3o, com 12% de prote\u00edna (70% concentrado prot\u00e9ico do leite, 16% concentrado prot\u00e9ico do soro e 14% prote\u00edna isolada de soja), 53% de carboidrato, podendo conter sacarose e 35% de lip\u00eddeos com combina\u00e7\u00e3o de DHA e ARA. Presen\u00e7a de prebi\u00f3ticos (FOS) e probi\u00f3ticos. Sabores baunilha, chocolate e morango.<\/p>\n<p>Apresenta\u00e7\u00e3o: lata de 400 g e 900 g Baunilha Registro MS N\u00b0 474320342 Chocolate Registro MS N\u00b0 474320341 Morango Registro MS N\u00b0 474320343. Proced\u00eancia: Cingapura<\/p>\n","protected":false},"excerpt":{"rendered":"<p>PEDIASURE COMPLETE Alimento nutricionalmente completo, para uso oral ou enteral, para auxiliar no crescimento e desenvolvimento de crian\u00e7as com dificuldades alimentares ou com necessidade de manuten\u00e7\u00e3o ou recupera\u00e7\u00e3o do estado nutricional. Normocal\u00f3rica (1.0 cal\/ml) em sua dilui\u00e7\u00e3o padr\u00e3o, com 12% de prote\u00edna (70% concentrado prot\u00e9ico do leite, 16% concentrado prot\u00e9ico do soro e 14% prote\u00edna &hellip; <\/p>\n<p class=\"more-link-wrap\"><a href=\"https:\/\/unavittarp.com.br\/?product=pediasure-400g-abbott-baunilha\" class=\"more-link\"><i class=\"opal-icon-plus\" aria-hidden=\"true\"><\/i><span>Read More<span class=\"screen-reader-text\"> &#8220;Pediasure 400g Abbott Baunilha&#8221;<\/span><\/span><\/a><\/p>\n","protected":false},"featured_media":9234,"template":"","meta":{"inline_featured_image":false,"_joinchat":[]},"product_cat":[101,92],"product_tag":[],"class_list":{"0":"post-9044","1":"product","2":"type-product","3":"status-publish","4":"has-post-thumbnail","6":"product_cat-abbott","7":"product_cat-nutricao-infantil","9":"first","10":"outofstock","11":"shipping-taxable","12":"purchasable","13":"product-type-simple"},"_links":{"self":[{"href":"https:\/\/unavittarp.com.br\/index.php?rest_route=\/wp\/v2\/product\/9044","targetHints":{"allow":["GET"]}}],"collection":[{"href":"https:\/\/unavittarp.com.br\/index.php?rest_route=\/wp\/v2\/product"}],"about":[{"href":"https:\/\/unavittarp.com.br\/index.php?rest_route=\/wp\/v2\/types\/product"}],"wp:featuredmedia":[{"embeddable":true,"href":"https:\/\/unavittarp.com.br\/index.php?rest_route=\/wp\/v2\/media\/9234"}],"wp:attachment":[{"href":"https:\/\/unavittarp.com.br\/index.php?rest_route=%2Fwp%2Fv2%2Fmedia&parent=9044"}],"wp:term":[{"taxonomy":"product_cat","embeddable":true,"href":"https:\/\/unavittarp.com.br\/index.php?rest_route=%2Fwp%2Fv2%2Fproduct_cat&post=9044"},{"taxonomy":"product_tag","embeddable":true,"href":"https:\/\/unavittarp.com.br\/index.php?rest_route=%2Fwp%2Fv2%2Fproduct_tag&post=9044"}],"curies":[{"name":"wp","href":"https:\/\/api.w.org\/{rel}","templated":true}]}}