{"id":9037,"date":"2023-10-23T20:04:12","date_gmt":"2023-10-23T23:04:12","guid":{"rendered":"https:\/\/uopdigital.com\/vitta\/?post_type=product&#038;p=9037"},"modified":"2025-07-11T13:07:53","modified_gmt":"2025-07-11T16:07:53","slug":"curcuma-bionatus-30-caps","status":"publish","type":"product","link":"https:\/\/unavittarp.com.br\/?product=curcuma-bionatus-30-caps","title":{"rendered":"C\u00farcuma Bionatus 130mg 30 caps"},"content":{"rendered":"<p>Curcumina (extrato de rizomas de Curcuma longa), estabilizantes e celulose microcristalina e amido de milho, antiumectantes silicato de magn\u00e9sio e di\u00f3xido de sil\u00edcio.<\/p>\n<p>&nbsp;<\/p>\n<p>N\u00e3o cont\u00e9m gl\u00faten.<\/p>\n<p>&nbsp;<\/p>\n","protected":false},"excerpt":{"rendered":"<p>Curcumina (extrato de rizomas de Curcuma longa), estabilizantes e celulose microcristalina e amido de milho, antiumectantes silicato de magn\u00e9sio e di\u00f3xido de sil\u00edcio. &nbsp; N\u00e3o cont\u00e9m gl\u00faten. &nbsp;<\/p>\n","protected":false},"featured_media":9500,"template":"","meta":{"inline_featured_image":false,"_joinchat":[]},"product_cat":[98,94],"product_tag":[],"class_list":{"0":"post-9037","1":"product","2":"type-product","3":"status-publish","4":"has-post-thumbnail","6":"product_cat-bionatus","7":"product_cat-vitaminas","9":"first","10":"instock","11":"shipping-taxable","12":"purchasable","13":"product-type-simple"},"_links":{"self":[{"href":"https:\/\/unavittarp.com.br\/index.php?rest_route=\/wp\/v2\/product\/9037","targetHints":{"allow":["GET"]}}],"collection":[{"href":"https:\/\/unavittarp.com.br\/index.php?rest_route=\/wp\/v2\/product"}],"about":[{"href":"https:\/\/unavittarp.com.br\/index.php?rest_route=\/wp\/v2\/types\/product"}],"wp:featuredmedia":[{"embeddable":true,"href":"https:\/\/unavittarp.com.br\/index.php?rest_route=\/wp\/v2\/media\/9500"}],"wp:attachment":[{"href":"https:\/\/unavittarp.com.br\/index.php?rest_route=%2Fwp%2Fv2%2Fmedia&parent=9037"}],"wp:term":[{"taxonomy":"product_cat","embeddable":true,"href":"https:\/\/unavittarp.com.br\/index.php?rest_route=%2Fwp%2Fv2%2Fproduct_cat&post=9037"},{"taxonomy":"product_tag","embeddable":true,"href":"https:\/\/unavittarp.com.br\/index.php?rest_route=%2Fwp%2Fv2%2Fproduct_tag&post=9037"}],"curies":[{"name":"wp","href":"https:\/\/api.w.org\/{rel}","templated":true}]}}