{"id":9034,"date":"2023-10-23T20:02:20","date_gmt":"2023-10-23T23:02:20","guid":{"rendered":"https:\/\/uopdigital.com\/vitta\/?post_type=product&#038;p=9034"},"modified":"2025-07-11T13:11:46","modified_gmt":"2025-07-11T16:11:46","slug":"cloreto-de-magnesio-p-a-60-caps-bionatus","status":"publish","type":"product","link":"https:\/\/unavittarp.com.br\/?product=cloreto-de-magnesio-p-a-60-caps-bionatus","title":{"rendered":"Cloreto de magn\u00e9sio P.A  60 caps Bionatus"},"content":{"rendered":"<p>O Cloreto de Magn\u00e9sio P.A. \u00e9 um mineral essencial e abundante no corpo humano. Possui mais de 300 fun\u00e7\u00f5es enzim\u00e1ticas no nosso organismo, sendo indispens\u00e1vel o seu uso di\u00e1rio por todos que buscam manter a sa\u00fade.<\/p>\n<p>Potencializa as fun\u00e7\u00f5es cerebrais;<br \/>\nAuxilia na forma\u00e7\u00e3o \u00f3ssea e influi nas quantidades dos horm\u00f4nios das paratireoides (regulam os n\u00edveis de c\u00e1lcio no sangue) e da vitamina D (essencial na absor\u00e7\u00e3o de c\u00e1lcio pelo organismo);<br \/>\nDiminui o risco de hipertens\u00e3o, doen\u00e7as card\u00edacas e acidente vascular cerebral (AVC);<br \/>\nEssencial na produ\u00e7\u00e3o da insulina e no processo de metaboliza\u00e7\u00e3o da glicose;<br \/>\nDiminui problemas relacionados a contra\u00e7\u00e3o muscular em atletas ou n\u00e3o, e melhora a recupera\u00e7\u00e3o dos m\u00fasculos;<br \/>\nCombate crises de asma, previne enxaqueca e dores de cabe\u00e7a, e reduz TPM e c\u00f3licas menstruais;<br \/>\nAlivia o estresse, ansiedade e depress\u00e3o.<br \/>\nApresenta\u00e7\u00e3o<\/p>\n<p>60 c\u00e1psulas.<br \/>\nPosologia<\/p>\n<p>Magn\u00e9sio 237mg.<br \/>\nRecomenda\u00e7\u00e3o di\u00e1ria<\/p>\n<p>Ingerir 1 c\u00e1psula antes do almo\u00e7o e 1 c\u00e1psula antes do jantar.<br \/>\nValores Di\u00e1rios de refer\u00eancia com base em uma dieta de 2000 kcal ou 8400 kJ. Seus valores di\u00e1rios podem ser maiores ou menores, de acordo com suas necessidades energ\u00e9ticas.<\/p>\n<p>USO ADULTO. N\u00c3O CONT\u00c9M GL\u00daTEN. N\u00c3O CONT\u00c9M LACTOSE.<\/p>\n","protected":false},"excerpt":{"rendered":"<p>O Cloreto de Magn\u00e9sio P.A. \u00e9 um mineral essencial e abundante no corpo humano. Possui mais de 300 fun\u00e7\u00f5es enzim\u00e1ticas no nosso organismo, sendo indispens\u00e1vel o seu uso di\u00e1rio por todos que buscam manter a sa\u00fade. Potencializa as fun\u00e7\u00f5es cerebrais; Auxilia na forma\u00e7\u00e3o \u00f3ssea e influi nas quantidades dos horm\u00f4nios das paratireoides (regulam os n\u00edveis &hellip; <\/p>\n<p class=\"more-link-wrap\"><a href=\"https:\/\/unavittarp.com.br\/?product=cloreto-de-magnesio-p-a-60-caps-bionatus\" class=\"more-link\"><i class=\"opal-icon-plus\" aria-hidden=\"true\"><\/i><span>Read More<span class=\"screen-reader-text\"> &#8220;Cloreto de magn\u00e9sio P.A  60 caps Bionatus&#8221;<\/span><\/span><\/a><\/p>\n","protected":false},"featured_media":9501,"template":"","meta":{"inline_featured_image":false,"_joinchat":[]},"product_cat":[98,94],"product_tag":[],"class_list":{"0":"post-9034","1":"product","2":"type-product","3":"status-publish","4":"has-post-thumbnail","6":"product_cat-bionatus","7":"product_cat-vitaminas","9":"first","10":"instock","11":"shipping-taxable","12":"purchasable","13":"product-type-simple"},"_links":{"self":[{"href":"https:\/\/unavittarp.com.br\/index.php?rest_route=\/wp\/v2\/product\/9034","targetHints":{"allow":["GET"]}}],"collection":[{"href":"https:\/\/unavittarp.com.br\/index.php?rest_route=\/wp\/v2\/product"}],"about":[{"href":"https:\/\/unavittarp.com.br\/index.php?rest_route=\/wp\/v2\/types\/product"}],"wp:featuredmedia":[{"embeddable":true,"href":"https:\/\/unavittarp.com.br\/index.php?rest_route=\/wp\/v2\/media\/9501"}],"wp:attachment":[{"href":"https:\/\/unavittarp.com.br\/index.php?rest_route=%2Fwp%2Fv2%2Fmedia&parent=9034"}],"wp:term":[{"taxonomy":"product_cat","embeddable":true,"href":"https:\/\/unavittarp.com.br\/index.php?rest_route=%2Fwp%2Fv2%2Fproduct_cat&post=9034"},{"taxonomy":"product_tag","embeddable":true,"href":"https:\/\/unavittarp.com.br\/index.php?rest_route=%2Fwp%2Fv2%2Fproduct_tag&post=9034"}],"curies":[{"name":"wp","href":"https:\/\/api.w.org\/{rel}","templated":true}]}}