{"id":9021,"date":"2023-10-23T19:47:56","date_gmt":"2023-10-23T22:47:56","guid":{"rendered":"https:\/\/uopdigital.com\/vitta\/?post_type=product&#038;p=9021"},"modified":"2024-08-12T16:16:39","modified_gmt":"2024-08-12T19:16:39","slug":"artivance-90-caps-newnutrition","status":"publish","type":"product","link":"https:\/\/unavittarp.com.br\/?product=artivance-90-caps-newnutrition","title":{"rendered":"Artivance 90 caps NewNutrition"},"content":{"rendered":"<p>Conhe\u00e7a o Artivance\u00ae<br \/>\nO Artivance\u00ae \u00e9 um suplemento alimentar composto por col\u00e1geno tipo II n\u00e3o desnaturado, \u00e1cido hialur\u00f4nico, \u00e1cido ortosil\u00edcico (fonte de sil\u00edcio org\u00e2nico), Metilsulfonilmetano (composto de enxofre encontrado naturalmente em plantas e animais), um complexo de vitaminas e minerais equilibrados, contendo entre outras o palmitato de ascorbila (vitamina C estabilizada), Biotina, selenometionina e minerais quelatos.<\/p>\n<p>E qual a import\u00e2ncia dessa f\u00f3rmula? Bom, todos os ingredientes foram selecionados para trabalharem em sinergia, auxiliando na entrega de nutrientes que auxiliam na sa\u00fade articular.<\/p>\n<p>Benef\u00edcios do Artivance\u00ae a longo prazo<br \/>\nO col\u00e1geno tipo II n\u00e3o desnaturado auxilia na manuten\u00e7\u00e3o da fun\u00e7\u00e3o articular;<br \/>\nO sel\u00eanio, o mangan\u00eas, o cobre e a vitamina e C s\u00e3o antioxidantes que auxiliam na prote\u00e7\u00e3o dos danos causados pelos radicais livres;<br \/>\nA vitamina C auxilia na forma\u00e7\u00e3o do col\u00e1geno;<br \/>\nA vitamina A auxilia no funcionamento do sistema imune;<br \/>\nO cobre auxilia na manuten\u00e7\u00e3o dos tecidos conjuntivos;<br \/>\nO mangan\u00eas auxilia na manuten\u00e7\u00e3o dos tecidos conectivos.<br \/>\nO magn\u00e9sio auxilia na forma\u00e7\u00e3o de ossos e dentes e no funcionamento muscular e neuromuscular.<\/p>\n","protected":false},"excerpt":{"rendered":"<p>Conhe\u00e7a o Artivance\u00ae O Artivance\u00ae \u00e9 um suplemento alimentar composto por col\u00e1geno tipo II n\u00e3o desnaturado, \u00e1cido hialur\u00f4nico, \u00e1cido ortosil\u00edcico (fonte de sil\u00edcio org\u00e2nico), Metilsulfonilmetano (composto de enxofre encontrado naturalmente em plantas e animais), um complexo de vitaminas e minerais equilibrados, contendo entre outras o palmitato de ascorbila (vitamina C estabilizada), Biotina, selenometionina e minerais &hellip; <\/p>\n<p class=\"more-link-wrap\"><a href=\"https:\/\/unavittarp.com.br\/?product=artivance-90-caps-newnutrition\" class=\"more-link\"><i class=\"opal-icon-plus\" aria-hidden=\"true\"><\/i><span>Read More<span class=\"screen-reader-text\"> &#8220;Artivance 90 caps NewNutrition&#8221;<\/span><\/span><\/a><\/p>\n","protected":false},"featured_media":9023,"template":"","meta":{"inline_featured_image":false,"_joinchat":[]},"product_cat":[97,94],"product_tag":[],"class_list":{"0":"post-9021","1":"product","2":"type-product","3":"status-publish","4":"has-post-thumbnail","6":"product_cat-newnutrition","7":"product_cat-vitaminas","9":"first","10":"instock","11":"shipping-taxable","12":"purchasable","13":"product-type-simple"},"_links":{"self":[{"href":"https:\/\/unavittarp.com.br\/index.php?rest_route=\/wp\/v2\/product\/9021","targetHints":{"allow":["GET"]}}],"collection":[{"href":"https:\/\/unavittarp.com.br\/index.php?rest_route=\/wp\/v2\/product"}],"about":[{"href":"https:\/\/unavittarp.com.br\/index.php?rest_route=\/wp\/v2\/types\/product"}],"wp:featuredmedia":[{"embeddable":true,"href":"https:\/\/unavittarp.com.br\/index.php?rest_route=\/wp\/v2\/media\/9023"}],"wp:attachment":[{"href":"https:\/\/unavittarp.com.br\/index.php?rest_route=%2Fwp%2Fv2%2Fmedia&parent=9021"}],"wp:term":[{"taxonomy":"product_cat","embeddable":true,"href":"https:\/\/unavittarp.com.br\/index.php?rest_route=%2Fwp%2Fv2%2Fproduct_cat&post=9021"},{"taxonomy":"product_tag","embeddable":true,"href":"https:\/\/unavittarp.com.br\/index.php?rest_route=%2Fwp%2Fv2%2Fproduct_tag&post=9021"}],"curies":[{"name":"wp","href":"https:\/\/api.w.org\/{rel}","templated":true}]}}