{"id":9018,"date":"2023-10-23T19:45:23","date_gmt":"2023-10-23T22:45:23","guid":{"rendered":"https:\/\/uopdigital.com\/vitta\/?post_type=product&#038;p=9018"},"modified":"2025-09-17T11:06:25","modified_gmt":"2025-09-17T14:06:25","slug":"osteovance-60-caps-newnutrition","status":"publish","type":"product","link":"https:\/\/unavittarp.com.br\/?product=osteovance-60-caps-newnutrition","title":{"rendered":"Osteovance 60 caps NewNutrition"},"content":{"rendered":"<p>O que \u00e9 o Osteovance\u00ae?<br \/>\nO Osteovance \u00e9 um suplemento alimentar composto por minerais quelatos e vitaminas. Entre os ingredientes est\u00e3o o citrato malato de c\u00e1lcio, vitamina D3 (colecalciferol), vitamina K2 (MK-7) e os seus minerais quelatos (magn\u00e9sio, mangan\u00eas, zinco e cobre) que atuam em sinergia para o m\u00e1ximo aproveitamento nutricional.<\/p>\n<p>Para que serve o Osteovance\u00ae?<br \/>\nO Osteovance\u00ae \u00e9 um produto formulado para contribuir com a sa\u00fade \u00f3ssea.<\/p>\n<p>Quais s\u00e3o os benef\u00edcios do Osteovance\u00ae?<br \/>\nA vitamina D e o magn\u00e9sio auxiliam na forma\u00e7\u00e3o de ossos e dentes<br \/>\nA vitamina D auxilia na manuten\u00e7\u00e3o de n\u00edveis de c\u00e1lcio no sangue, na absor\u00e7\u00e3o de c\u00e1lcio e f\u00f3sforo e no funcionamento muscular<br \/>\nO c\u00e1lcio auxilia na forma\u00e7\u00e3o e manuten\u00e7\u00e3o de ossos e dentes, no funcionamento muscular e neuromuscular<br \/>\nA vitamina K e o zinco auxiliam na manuten\u00e7\u00e3o dos ossos<br \/>\nO mangan\u00eas auxilia na forma\u00e7\u00e3o de ossos e dentes, no funcionamento muscular e neuromuscular, e na manuten\u00e7\u00e3o dos tecidos conectivos<br \/>\nO cobre auxilia na manuten\u00e7\u00e3o dos tecidos conjuntivos<br \/>\nO cobre, zinco e vitamina D auxiliam no funcionamento do sistema imune<br \/>\nO cobre, zinco e mangan\u00eas s\u00e3o antioxidantes que auxiliam na prote\u00e7\u00e3o dos danos causados pelos radicais livres.<\/p>\n","protected":false},"excerpt":{"rendered":"<p>O que \u00e9 o Osteovance\u00ae? O Osteovance \u00e9 um suplemento alimentar composto por minerais quelatos e vitaminas. Entre os ingredientes est\u00e3o o citrato malato de c\u00e1lcio, vitamina D3 (colecalciferol), vitamina K2 (MK-7) e os seus minerais quelatos (magn\u00e9sio, mangan\u00eas, zinco e cobre) que atuam em sinergia para o m\u00e1ximo aproveitamento nutricional. Para que serve o &hellip; <\/p>\n<p class=\"more-link-wrap\"><a href=\"https:\/\/unavittarp.com.br\/?product=osteovance-60-caps-newnutrition\" class=\"more-link\"><i class=\"opal-icon-plus\" aria-hidden=\"true\"><\/i><span>Read More<span class=\"screen-reader-text\"> &#8220;Osteovance 60 caps NewNutrition&#8221;<\/span><\/span><\/a><\/p>\n","protected":false},"featured_media":9020,"template":"","meta":{"inline_featured_image":false,"_joinchat":[]},"product_cat":[97,94],"product_tag":[],"class_list":{"0":"post-9018","1":"product","2":"type-product","3":"status-publish","4":"has-post-thumbnail","6":"product_cat-newnutrition","7":"product_cat-vitaminas","9":"first","10":"onbackorder","11":"shipping-taxable","12":"purchasable","13":"product-type-simple"},"_links":{"self":[{"href":"https:\/\/unavittarp.com.br\/index.php?rest_route=\/wp\/v2\/product\/9018","targetHints":{"allow":["GET"]}}],"collection":[{"href":"https:\/\/unavittarp.com.br\/index.php?rest_route=\/wp\/v2\/product"}],"about":[{"href":"https:\/\/unavittarp.com.br\/index.php?rest_route=\/wp\/v2\/types\/product"}],"wp:featuredmedia":[{"embeddable":true,"href":"https:\/\/unavittarp.com.br\/index.php?rest_route=\/wp\/v2\/media\/9020"}],"wp:attachment":[{"href":"https:\/\/unavittarp.com.br\/index.php?rest_route=%2Fwp%2Fv2%2Fmedia&parent=9018"}],"wp:term":[{"taxonomy":"product_cat","embeddable":true,"href":"https:\/\/unavittarp.com.br\/index.php?rest_route=%2Fwp%2Fv2%2Fproduct_cat&post=9018"},{"taxonomy":"product_tag","embeddable":true,"href":"https:\/\/unavittarp.com.br\/index.php?rest_route=%2Fwp%2Fv2%2Fproduct_tag&post=9018"}],"curies":[{"name":"wp","href":"https:\/\/api.w.org\/{rel}","templated":true}]}}