{"id":9011,"date":"2023-10-23T19:40:39","date_gmt":"2023-10-23T22:40:39","guid":{"rendered":"https:\/\/uopdigital.com\/vitta\/?post_type=product&#038;p=9011"},"modified":"2023-10-23T19:40:39","modified_gmt":"2023-10-23T22:40:39","slug":"caffeine-200ml-120-caps-newnutrition","status":"publish","type":"product","link":"https:\/\/unavittarp.com.br\/?product=caffeine-200ml-120-caps-newnutrition","title":{"rendered":"Caffeine 200ml 120 caps NewNutrition"},"content":{"rendered":"<p>O que \u00e9 a Cafe\u00edna? Para que serve?<br \/>\nA Cafe\u00edna NewNutrition \u00e9 um suplemento alimentar que cont\u00e9m 200mg de cafe\u00edna anidra, por por\u00e7\u00e3o. A cafe\u00edna em c\u00e1psulas pode ser utilizada antes de treinamentos ou de acordo com suas necessidades individuais.<\/p>\n<p>Como tomar a Cafe\u00edna NewNutrition?<br \/>\nRecomenda\u00e7\u00e3o de uso: consumir 1 c\u00e1psula (200mg de cafe\u00edna) 1 hora antes do exerc\u00edcio. ESTE PRODUTO DESTINA-SE A ATLETAS E INDIV\u00cdDUOS ACIMA DE 19 ANOS. &#8220;ESTE PRODUTO N\u00c3O \u00c9 UM MEDICAMENTO. N\u00c3O EXCEDER A RECOMENDA\u00c7\u00c3O DI\u00c1RIA DE CONSUMO INDICADA NA EMBALAGEM. MANTENHA FORA DO ALCANCE DE CRIAN\u00c7AS.&#8221; \u201cEste produto n\u00e3o deve ser consumido por gestantes, lactantes e crian\u00e7as.\u201d \u00c9 permitida uma recomenda\u00e7\u00e3o di\u00e1ria de 400 miligramas exclusiva para atletas, desde que a dose individual n\u00e3o ultrapasse 200 miligramas.<\/p>\n","protected":false},"excerpt":{"rendered":"<p>O que \u00e9 a Cafe\u00edna? Para que serve? A Cafe\u00edna NewNutrition \u00e9 um suplemento alimentar que cont\u00e9m 200mg de cafe\u00edna anidra, por por\u00e7\u00e3o. A cafe\u00edna em c\u00e1psulas pode ser utilizada antes de treinamentos ou de acordo com suas necessidades individuais. Como tomar a Cafe\u00edna NewNutrition? Recomenda\u00e7\u00e3o de uso: consumir 1 c\u00e1psula (200mg de cafe\u00edna) 1 &hellip; <\/p>\n<p class=\"more-link-wrap\"><a href=\"https:\/\/unavittarp.com.br\/?product=caffeine-200ml-120-caps-newnutrition\" class=\"more-link\"><i class=\"opal-icon-plus\" aria-hidden=\"true\"><\/i><span>Read More<span class=\"screen-reader-text\"> &#8220;Caffeine 200ml 120 caps NewNutrition&#8221;<\/span><\/span><\/a><\/p>\n","protected":false},"featured_media":9013,"template":"","meta":{"inline_featured_image":false,"_joinchat":[]},"product_cat":[97,94],"product_tag":[],"class_list":{"0":"post-9011","1":"product","2":"type-product","3":"status-publish","4":"has-post-thumbnail","6":"product_cat-newnutrition","7":"product_cat-vitaminas","9":"first","10":"instock","11":"shipping-taxable","12":"purchasable","13":"product-type-simple"},"_links":{"self":[{"href":"https:\/\/unavittarp.com.br\/index.php?rest_route=\/wp\/v2\/product\/9011","targetHints":{"allow":["GET"]}}],"collection":[{"href":"https:\/\/unavittarp.com.br\/index.php?rest_route=\/wp\/v2\/product"}],"about":[{"href":"https:\/\/unavittarp.com.br\/index.php?rest_route=\/wp\/v2\/types\/product"}],"wp:featuredmedia":[{"embeddable":true,"href":"https:\/\/unavittarp.com.br\/index.php?rest_route=\/wp\/v2\/media\/9013"}],"wp:attachment":[{"href":"https:\/\/unavittarp.com.br\/index.php?rest_route=%2Fwp%2Fv2%2Fmedia&parent=9011"}],"wp:term":[{"taxonomy":"product_cat","embeddable":true,"href":"https:\/\/unavittarp.com.br\/index.php?rest_route=%2Fwp%2Fv2%2Fproduct_cat&post=9011"},{"taxonomy":"product_tag","embeddable":true,"href":"https:\/\/unavittarp.com.br\/index.php?rest_route=%2Fwp%2Fv2%2Fproduct_tag&post=9011"}],"curies":[{"name":"wp","href":"https:\/\/api.w.org\/{rel}","templated":true}]}}