{"id":9004,"date":"2023-10-23T19:36:52","date_gmt":"2023-10-23T22:36:52","guid":{"rendered":"https:\/\/uopdigital.com\/vitta\/?post_type=product&#038;p=9004"},"modified":"2025-02-10T12:19:16","modified_gmt":"2025-02-10T15:19:16","slug":"thicken-up-clear","status":"publish","type":"product","link":"https:\/\/unavittarp.com.br\/?product=thicken-up-clear","title":{"rendered":"Thicken UP Clear"},"content":{"rendered":"<p>Resource\u00ae ThickenUp Clear \u00e9 um espessante e gelificante para bebidas e prepara\u00e7\u00f5es alimentares.<br \/>\nModifica instantaneamente a consist\u00eancia, conforme a necessidade individual, variando entre: mel, n\u00e9ctar e pudim.<\/p>\n<p>INDICA\u00c7\u00c3O<br \/>\nRecomendado para auxiliar na mudan\u00e7a de consist\u00eancia de l\u00edquidos e prepara\u00e7\u00f5es alimentares.<br \/>\nDietas com este perfil podem se enquadrar nas orienta\u00e7\u00f5es dietoter\u00e1picas para algumas condi\u00e7\u00f5es de sa\u00fade desde disfagia (dificuldade de degluti\u00e7\u00e3o) at\u00e9 situa\u00e7\u00f5es mais cr\u00edticas.<\/p>\n<p>CARACTER\u00cdSTICAS<br \/>\n\u00c9 f\u00e1cil de incluir o espessante Resource\u00ae ThickenUp Clear na sua rotina!<br \/>\n\u00c9 um produto exclusivo que n\u00e3o altera cor, sabor e cheiro das prepara\u00e7\u00f5es e bebidas! Pode ser utilizado em prepara\u00e7\u00f5es quentes ou frias.<\/p>\n<p>SABOR<br \/>\nSem sabor.<\/p>\n<p>APRESENTA\u00c7\u00c3O<br \/>\nLata 125 g + cont\u00e9m colher medida de 1,2 g. Rende 104 por\u00e7\u00f5es de 1,2 g cada OU Display com 24 sach\u00eas de 1,2 g.<\/p>\n","protected":false},"excerpt":{"rendered":"<p>Resource\u00ae ThickenUp Clear \u00e9 um espessante e gelificante para bebidas e prepara\u00e7\u00f5es alimentares. Modifica instantaneamente a consist\u00eancia, conforme a necessidade individual, variando entre: mel, n\u00e9ctar e pudim. INDICA\u00c7\u00c3O Recomendado para auxiliar na mudan\u00e7a de consist\u00eancia de l\u00edquidos e prepara\u00e7\u00f5es alimentares. Dietas com este perfil podem se enquadrar nas orienta\u00e7\u00f5es dietoter\u00e1picas para algumas condi\u00e7\u00f5es de sa\u00fade &hellip; <\/p>\n<p class=\"more-link-wrap\"><a href=\"https:\/\/unavittarp.com.br\/?product=thicken-up-clear\" class=\"more-link\"><i class=\"opal-icon-plus\" aria-hidden=\"true\"><\/i><span>Read More<span class=\"screen-reader-text\"> &#8220;Thicken UP Clear&#8221;<\/span><\/span><\/a><\/p>\n","protected":false},"featured_media":9006,"template":"","meta":{"inline_featured_image":false,"_joinchat":[]},"product_cat":[95,93],"product_tag":[],"class_list":{"0":"post-9004","1":"product","2":"type-product","3":"status-publish","4":"has-post-thumbnail","6":"product_cat-nestle","7":"product_cat-suplementos-alimentares","9":"first","10":"instock","11":"shipping-taxable","12":"purchasable","13":"product-type-simple"},"_links":{"self":[{"href":"https:\/\/unavittarp.com.br\/index.php?rest_route=\/wp\/v2\/product\/9004","targetHints":{"allow":["GET"]}}],"collection":[{"href":"https:\/\/unavittarp.com.br\/index.php?rest_route=\/wp\/v2\/product"}],"about":[{"href":"https:\/\/unavittarp.com.br\/index.php?rest_route=\/wp\/v2\/types\/product"}],"wp:featuredmedia":[{"embeddable":true,"href":"https:\/\/unavittarp.com.br\/index.php?rest_route=\/wp\/v2\/media\/9006"}],"wp:attachment":[{"href":"https:\/\/unavittarp.com.br\/index.php?rest_route=%2Fwp%2Fv2%2Fmedia&parent=9004"}],"wp:term":[{"taxonomy":"product_cat","embeddable":true,"href":"https:\/\/unavittarp.com.br\/index.php?rest_route=%2Fwp%2Fv2%2Fproduct_cat&post=9004"},{"taxonomy":"product_tag","embeddable":true,"href":"https:\/\/unavittarp.com.br\/index.php?rest_route=%2Fwp%2Fv2%2Fproduct_tag&post=9004"}],"curies":[{"name":"wp","href":"https:\/\/api.w.org\/{rel}","templated":true}]}}