{"id":8996,"date":"2023-10-23T19:28:14","date_gmt":"2023-10-23T22:28:14","guid":{"rendered":"https:\/\/uopdigital.com\/vitta\/?post_type=product&#038;p=8996"},"modified":"2025-09-17T10:52:57","modified_gmt":"2025-09-17T13:52:57","slug":"souvenaid-danone-kit-com-4-unidades","status":"publish","type":"product","link":"https:\/\/unavittarp.com.br\/?product=souvenaid-danone-kit-com-4-unidades","title":{"rendered":"Souvenaid Danone &#8211; Kit com 4 unidades"},"content":{"rendered":"<p>Souvenaid Danone\u00a0 &#8211; Kit com 4 unidades<\/p>\n<p>Como resultado de anos de pesquisa na influ\u00eancia de nutrientes no funcionamento cerebral, o Souvenaid Danone \u00e9 composto nutricional para nutri\u00e7\u00e3o enteral ou oral.<\/p>\n<p>Com uma f\u00f3rmula \u00e9 rica em nutrientes Fortasyn Connect, o Souvenaid Danone possui densidade energ\u00e9tica normal e normoprot\u00e9ica:<br \/>\n\u00c1cidos graxos EPA e DHA (\u00f4mega3);<br \/>\nUridina Monofosfato (UMP);<br \/>\nColina;<br \/>\nFosfolip\u00eddios;<br \/>\nMicronutrientes antioxidantes;<br \/>\nVitamina E, C e sel\u00eanio;<br \/>\nVitaminas do complexo B<br \/>\nDessa forma, contribui para a melhora da atividade cerebral, tem papel anti-inflamat\u00f3rio, beneficia o metabolismo dos transmissores cerebrais e protege as c\u00e9lulas de rea\u00e7\u00f5es danosas.<\/p>\n<p>Aqui voc\u00ea encontra a embalagem com 4 unidades do Souvenaid Danone Baunilha, com 125 ml cada. Aproveite as vantagens e condi\u00e7\u00f5es da loja para comprar outros suplementos alimentares.<\/p>\n<p>SABORES: BAUNILHA E MORANGO<br \/>\nIndica\u00e7\u00f5es: Pacientes com Alzheimer em est\u00e1gios iniciais.<\/p>\n<p>Observa\u00e7\u00f5es:<br \/>\nN\u00e3o cont\u00e9m gl\u00faten. N\u00e3o cont\u00e9m lactose. Cont\u00e9m sacarose.<br \/>\nUso somente sob orienta\u00e7\u00e3o m\u00e9dica ou de nutricionista.<\/p>\n","protected":false},"excerpt":{"rendered":"<p>Souvenaid Danone\u00a0 &#8211; Kit com 4 unidades Como resultado de anos de pesquisa na influ\u00eancia de nutrientes no funcionamento cerebral, o Souvenaid Danone \u00e9 composto nutricional para nutri\u00e7\u00e3o enteral ou oral. Com uma f\u00f3rmula \u00e9 rica em nutrientes Fortasyn Connect, o Souvenaid Danone possui densidade energ\u00e9tica normal e normoprot\u00e9ica: \u00c1cidos graxos EPA e DHA (\u00f4mega3); &hellip; <\/p>\n<p class=\"more-link-wrap\"><a href=\"https:\/\/unavittarp.com.br\/?product=souvenaid-danone-kit-com-4-unidades\" class=\"more-link\"><i class=\"opal-icon-plus\" aria-hidden=\"true\"><\/i><span>Read More<span class=\"screen-reader-text\"> &#8220;Souvenaid Danone &#8211; Kit com 4 unidades&#8221;<\/span><\/span><\/a><\/p>\n","protected":false},"featured_media":8997,"template":"","meta":{"inline_featured_image":false,"_joinchat":[]},"product_cat":[96,93],"product_tag":[],"class_list":{"0":"post-8996","1":"product","2":"type-product","3":"status-publish","4":"has-post-thumbnail","6":"product_cat-danone","7":"product_cat-suplementos-alimentares","9":"first","10":"instock","11":"shipping-taxable","12":"purchasable","13":"product-type-simple"},"_links":{"self":[{"href":"https:\/\/unavittarp.com.br\/index.php?rest_route=\/wp\/v2\/product\/8996","targetHints":{"allow":["GET"]}}],"collection":[{"href":"https:\/\/unavittarp.com.br\/index.php?rest_route=\/wp\/v2\/product"}],"about":[{"href":"https:\/\/unavittarp.com.br\/index.php?rest_route=\/wp\/v2\/types\/product"}],"wp:featuredmedia":[{"embeddable":true,"href":"https:\/\/unavittarp.com.br\/index.php?rest_route=\/wp\/v2\/media\/8997"}],"wp:attachment":[{"href":"https:\/\/unavittarp.com.br\/index.php?rest_route=%2Fwp%2Fv2%2Fmedia&parent=8996"}],"wp:term":[{"taxonomy":"product_cat","embeddable":true,"href":"https:\/\/unavittarp.com.br\/index.php?rest_route=%2Fwp%2Fv2%2Fproduct_cat&post=8996"},{"taxonomy":"product_tag","embeddable":true,"href":"https:\/\/unavittarp.com.br\/index.php?rest_route=%2Fwp%2Fv2%2Fproduct_tag&post=8996"}],"curies":[{"name":"wp","href":"https:\/\/api.w.org\/{rel}","templated":true}]}}