{"id":8991,"date":"2023-10-23T19:24:57","date_gmt":"2023-10-23T22:24:57","guid":{"rendered":"https:\/\/uopdigital.com\/vitta\/?post_type=product&#038;p=8991"},"modified":"2023-10-27T08:09:33","modified_gmt":"2023-10-27T11:09:33","slug":"nutren-control-200ml","status":"publish","type":"product","link":"https:\/\/unavittarp.com.br\/?product=nutren-control-200ml","title":{"rendered":"Nutren Control 200ml"},"content":{"rendered":"<p>Alimento pronto para o consumo para dietas com restri\u00e7\u00e3o de sacarose, frutose, glicose e lactose.<br \/>\n\u00c9 formulado para auxiliar no controle diet\u00e9tico de pessoas com necessidades especiais no metabolismo de a\u00e7\u00facares.<\/p>\n<p>SABOR: CHOCOLATE \/ BAUNILHA<\/p>\n","protected":false},"excerpt":{"rendered":"<p>Alimento pronto para o consumo para dietas com restri\u00e7\u00e3o de sacarose, frutose, glicose e lactose. \u00c9 formulado para auxiliar no controle diet\u00e9tico de pessoas com necessidades especiais no metabolismo de a\u00e7\u00facares. SABOR: CHOCOLATE \/ BAUNILHA<\/p>\n","protected":false},"featured_media":9259,"template":"","meta":{"inline_featured_image":false,"_joinchat":[]},"product_cat":[95,93],"product_tag":[],"class_list":{"0":"post-8991","1":"product","2":"type-product","3":"status-publish","4":"has-post-thumbnail","6":"product_cat-nestle","7":"product_cat-suplementos-alimentares","9":"first","10":"instock","11":"shipping-taxable","12":"purchasable","13":"product-type-simple"},"_links":{"self":[{"href":"https:\/\/unavittarp.com.br\/index.php?rest_route=\/wp\/v2\/product\/8991","targetHints":{"allow":["GET"]}}],"collection":[{"href":"https:\/\/unavittarp.com.br\/index.php?rest_route=\/wp\/v2\/product"}],"about":[{"href":"https:\/\/unavittarp.com.br\/index.php?rest_route=\/wp\/v2\/types\/product"}],"wp:featuredmedia":[{"embeddable":true,"href":"https:\/\/unavittarp.com.br\/index.php?rest_route=\/wp\/v2\/media\/9259"}],"wp:attachment":[{"href":"https:\/\/unavittarp.com.br\/index.php?rest_route=%2Fwp%2Fv2%2Fmedia&parent=8991"}],"wp:term":[{"taxonomy":"product_cat","embeddable":true,"href":"https:\/\/unavittarp.com.br\/index.php?rest_route=%2Fwp%2Fv2%2Fproduct_cat&post=8991"},{"taxonomy":"product_tag","embeddable":true,"href":"https:\/\/unavittarp.com.br\/index.php?rest_route=%2Fwp%2Fv2%2Fproduct_tag&post=8991"}],"curies":[{"name":"wp","href":"https:\/\/api.w.org\/{rel}","templated":true}]}}