{"id":8984,"date":"2023-10-23T19:22:09","date_gmt":"2023-10-23T22:22:09","guid":{"rendered":"https:\/\/uopdigital.com\/vitta\/?post_type=product&#038;p=8984"},"modified":"2023-10-27T08:05:56","modified_gmt":"2023-10-27T11:05:56","slug":"impact-200ml","status":"publish","type":"product","link":"https:\/\/unavittarp.com.br\/?product=impact-200ml","title":{"rendered":"Impact 200ml"},"content":{"rendered":"<p>Impact\u00ae \u00e9 uma f\u00f3rmula padr\u00e3o destinada para nutri\u00e7\u00e3o de pessoas com necessidades especiais, com condi\u00e7\u00f5es espec\u00edficas de dietas e\/ou restri\u00e7\u00f5es alimentares.<\/p>\n<p>Possui 1,0 kcal por 1 mL, \u00e9 hiperproteico e \u00e9 formulado com ingredientes especiais, como arginina, nucleot\u00eddeos e \u00e1cidos graxos \u00f4mega-3.<\/p>\n<p>Indica\u00e7\u00e3o<br \/>\nRecomendado para auxiliar o sistema imunol\u00f3gico dos indiv\u00edduos antes ou ap\u00f3s determinadas situa\u00e7\u00f5es m\u00e9dicas.<br \/>\nDietas com este perfil podem se enquadrar nas orienta\u00e7\u00f5es dietoter\u00e1picas para algumas condi\u00e7\u00f5es de sa\u00fade, desde pr\u00e9 e p\u00f3s-operat\u00f3rio at\u00e9 situa\u00e7\u00f5es mais cr\u00edticas.<\/p>\n<p>Caracter\u00edstica<br \/>\n\u00d3tima op\u00e7\u00e3o para o cuidado domiciliar.<br \/>\nPronto para o uso, o produto oferece seguran\u00e7a e praticidade.<\/p>\n<p>Sabor<br \/>\nP\u00eassego\/ Torta de lim\u00e3o \/ baunilha \/ banana<\/p>\n<p>Embalagem com 200mL &#8211; Formato garrafa com tampa<\/p>\n","protected":false},"excerpt":{"rendered":"<p>Impact\u00ae \u00e9 uma f\u00f3rmula padr\u00e3o destinada para nutri\u00e7\u00e3o de pessoas com necessidades especiais, com condi\u00e7\u00f5es espec\u00edficas de dietas e\/ou restri\u00e7\u00f5es alimentares. Possui 1,0 kcal por 1 mL, \u00e9 hiperproteico e \u00e9 formulado com ingredientes especiais, como arginina, nucleot\u00eddeos e \u00e1cidos graxos \u00f4mega-3. Indica\u00e7\u00e3o Recomendado para auxiliar o sistema imunol\u00f3gico dos indiv\u00edduos antes ou ap\u00f3s determinadas &hellip; <\/p>\n<p class=\"more-link-wrap\"><a href=\"https:\/\/unavittarp.com.br\/?product=impact-200ml\" class=\"more-link\"><i class=\"opal-icon-plus\" aria-hidden=\"true\"><\/i><span>Read More<span class=\"screen-reader-text\"> &#8220;Impact 200ml&#8221;<\/span><\/span><\/a><\/p>\n","protected":false},"featured_media":9253,"template":"","meta":{"inline_featured_image":false,"_joinchat":[]},"product_cat":[95,93],"product_tag":[],"class_list":{"0":"post-8984","1":"product","2":"type-product","3":"status-publish","4":"has-post-thumbnail","6":"product_cat-nestle","7":"product_cat-suplementos-alimentares","9":"first","10":"instock","11":"shipping-taxable","12":"purchasable","13":"product-type-simple"},"_links":{"self":[{"href":"https:\/\/unavittarp.com.br\/index.php?rest_route=\/wp\/v2\/product\/8984","targetHints":{"allow":["GET"]}}],"collection":[{"href":"https:\/\/unavittarp.com.br\/index.php?rest_route=\/wp\/v2\/product"}],"about":[{"href":"https:\/\/unavittarp.com.br\/index.php?rest_route=\/wp\/v2\/types\/product"}],"wp:featuredmedia":[{"embeddable":true,"href":"https:\/\/unavittarp.com.br\/index.php?rest_route=\/wp\/v2\/media\/9253"}],"wp:attachment":[{"href":"https:\/\/unavittarp.com.br\/index.php?rest_route=%2Fwp%2Fv2%2Fmedia&parent=8984"}],"wp:term":[{"taxonomy":"product_cat","embeddable":true,"href":"https:\/\/unavittarp.com.br\/index.php?rest_route=%2Fwp%2Fv2%2Fproduct_cat&post=8984"},{"taxonomy":"product_tag","embeddable":true,"href":"https:\/\/unavittarp.com.br\/index.php?rest_route=%2Fwp%2Fv2%2Fproduct_tag&post=8984"}],"curies":[{"name":"wp","href":"https:\/\/api.w.org\/{rel}","templated":true}]}}