{"id":8980,"date":"2023-10-23T19:19:08","date_gmt":"2023-10-23T22:19:08","guid":{"rendered":"https:\/\/uopdigital.com\/vitta\/?post_type=product&#038;p=8980"},"modified":"2025-07-11T13:18:48","modified_gmt":"2025-07-11T16:18:48","slug":"nutren-1-5-kcal-200ml","status":"publish","type":"product","link":"https:\/\/unavittarp.com.br\/?product=nutren-1-5-kcal-200ml","title":{"rendered":"Nutren 1.5 Kcal 200ml"},"content":{"rendered":"<p>Nutren 1.5 \u00e9 uma f\u00f3rmula enteral padr\u00e3o desenvolvida e balanceada com o objetivo de auxiliar pessoas a atingirem suas necessidades nutricionais di\u00e1rias.<\/p>\n<p>INDICA\u00c7\u00c3O<br \/>\nA dieta com Nutren 1.5 \u00e9 utilizada para ajudar na recupera\u00e7\u00e3o do estado nutricional de idosos, adultos e crian\u00e7as a partir dos 10 anos de idade que se encontrem em condi\u00e7\u00e3o de desnutri\u00e7\u00e3o ou perda de peso exacerbada devido a doen\u00e7as e outros quadros cl\u00ednicos.<\/p>\n<p>SABOR<br \/>\nBaunilha e Morango.<\/p>\n<p>APRESENTA\u00c7\u00c3O<br \/>\nGarrafinha de 200mL<\/p>\n<p>INGREDIENTES<br \/>\n\u00c1gua, maltodextrina, sacarose, caseinato de s\u00f3dio obtido do leite de vaca, \u00f3leo de girassol, prote\u00edna isolada de soja, \u00f3leo de milho, caseinato de c\u00e1lcio obtido do leite de vaca, citrato de pot\u00e1ssio, fosfato tric\u00e1lcico, citrato de s\u00f3dio, bitartarato de colina, cloreto de magn\u00e9sio, vitamina C, hidr\u00f3xido de pot\u00e1ssio, cloreto de pot\u00e1ssio, \u00f3xido de magn\u00e9sio, sulfato ferroso, sulfato de zinco, niacina, vitamina E, vitamina A, pantotenato de c\u00e1lcio, sulfato de mangan\u00eas, vitamina B1, gluconato de cobre, vitamina D, vitamina B6, vitamina B2, \u00e1cido f\u00f3lico, iodeto de pot\u00e1ssio, cloreto de cromo, molibdato de s\u00f3dio, vitamina K, biotina, selenito de s\u00f3dio, vitamina B12, aromatizante, emulsificante lecitina de soja, estabilizantes celulose microcristalina, carragena e carboximetilcelulose s\u00f3dica e antiespumante polidimetilsiloxano.<\/p>\n<p>ALERG\u00caNICOS<br \/>\nCONT\u00c9M SOJA E DERIVADOS E DERIVADOS DE LEITE.<\/p>\n","protected":false},"excerpt":{"rendered":"<p>Nutren 1.5 \u00e9 uma f\u00f3rmula enteral padr\u00e3o desenvolvida e balanceada com o objetivo de auxiliar pessoas a atingirem suas necessidades nutricionais di\u00e1rias. INDICA\u00c7\u00c3O A dieta com Nutren 1.5 \u00e9 utilizada para ajudar na recupera\u00e7\u00e3o do estado nutricional de idosos, adultos e crian\u00e7as a partir dos 10 anos de idade que se encontrem em condi\u00e7\u00e3o de &hellip; <\/p>\n<p class=\"more-link-wrap\"><a href=\"https:\/\/unavittarp.com.br\/?product=nutren-1-5-kcal-200ml\" class=\"more-link\"><i class=\"opal-icon-plus\" aria-hidden=\"true\"><\/i><span>Read More<span class=\"screen-reader-text\"> &#8220;Nutren 1.5 Kcal 200ml&#8221;<\/span><\/span><\/a><\/p>\n","protected":false},"featured_media":9502,"template":"","meta":{"inline_featured_image":false,"_joinchat":[]},"product_cat":[95,93],"product_tag":[],"class_list":{"0":"post-8980","1":"product","2":"type-product","3":"status-publish","4":"has-post-thumbnail","6":"product_cat-nestle","7":"product_cat-suplementos-alimentares","9":"first","10":"instock","11":"shipping-taxable","12":"purchasable","13":"product-type-simple"},"_links":{"self":[{"href":"https:\/\/unavittarp.com.br\/index.php?rest_route=\/wp\/v2\/product\/8980","targetHints":{"allow":["GET"]}}],"collection":[{"href":"https:\/\/unavittarp.com.br\/index.php?rest_route=\/wp\/v2\/product"}],"about":[{"href":"https:\/\/unavittarp.com.br\/index.php?rest_route=\/wp\/v2\/types\/product"}],"wp:featuredmedia":[{"embeddable":true,"href":"https:\/\/unavittarp.com.br\/index.php?rest_route=\/wp\/v2\/media\/9502"}],"wp:attachment":[{"href":"https:\/\/unavittarp.com.br\/index.php?rest_route=%2Fwp%2Fv2%2Fmedia&parent=8980"}],"wp:term":[{"taxonomy":"product_cat","embeddable":true,"href":"https:\/\/unavittarp.com.br\/index.php?rest_route=%2Fwp%2Fv2%2Fproduct_cat&post=8980"},{"taxonomy":"product_tag","embeddable":true,"href":"https:\/\/unavittarp.com.br\/index.php?rest_route=%2Fwp%2Fv2%2Fproduct_tag&post=8980"}],"curies":[{"name":"wp","href":"https:\/\/api.w.org\/{rel}","templated":true}]}}