{"id":8977,"date":"2023-10-23T19:16:17","date_gmt":"2023-10-23T22:16:17","guid":{"rendered":"https:\/\/uopdigital.com\/vitta\/?post_type=product&#038;p=8977"},"modified":"2025-02-10T12:20:58","modified_gmt":"2025-02-10T15:20:58","slug":"nutren-2-0-kcal-baunilha-200ml","status":"publish","type":"product","link":"https:\/\/unavittarp.com.br\/?product=nutren-2-0-kcal-baunilha-200ml","title":{"rendered":"Nutren  2.0 Kcal Baunilha 200ml"},"content":{"rendered":"<p>Nutren 2.0 \u00e9 uma f\u00f3rmula completa balanceada destinada para nutri\u00e7\u00e3o de pessoas com necessidades especiais.<\/p>\n<p>INDICA\u00c7\u00c3O<\/p>\n<p>A dieta com Nutren 2.0 \u00e9 utilizada para auxiliar na manuten\u00e7\u00e3o e\/ou recupera\u00e7\u00e3o do estado nutricional. \u00c9 direcionado para pessoas que possuem necessidade de alta oferta cal\u00f3rica e menor volume. Al\u00e9m disso, tamb\u00e9m \u00e9 um alimento utilizado na prepara\u00e7\u00e3o do metabolismo de pacientes que ir\u00e3o passar por algum tipo der cirurgia.<\/p>\n<p>SABOR<\/p>\n<p>Baunilha<\/p>\n<p>APRESENTA\u00c7\u00c3O<\/p>\n<p>Garrafinha de 200mL<\/p>\n<p>INGREDIENTES<\/p>\n<p>\u00c1gua, maltodextrina, caseinato de c\u00e1lcio obtido de leite de vaca, \u00f3leo de canola, sacarose, triglicer\u00eddeos de cadeia m\u00e9dia, caseinato de s\u00f3dio obtido do leite de vaca, citrato de pot\u00e1ssio, bitartarato de colina, cloreto de s\u00f3dio, fosfato de pot\u00e1ssio, vitamina C, cloreto de magn\u00e9sio, \u00f3xido de magn\u00e9sio, citrato de s\u00f3dio, fosfato tricalcico, vitamina E, sulfato ferroso, sulfato de mangan\u00eas, gluconato de cobre, vitamina D, vitamina B1, K, vitamina B12, selenito de s\u00f3dio, \u00e1cido f\u00f3lico, cloreto de cromo, molibdato e antiesoumante polidimentilisiloxano<\/p>\n<p>ALERG\u00caNICOS<\/p>\n<p>CONT\u00c9M DERIVADOS DE LEITE E SOJA. N\u00c3O CONT\u00c9M GL\u00daTEN.<\/p>\n","protected":false},"excerpt":{"rendered":"<p>Nutren 2.0 \u00e9 uma f\u00f3rmula completa balanceada destinada para nutri\u00e7\u00e3o de pessoas com necessidades especiais. INDICA\u00c7\u00c3O A dieta com Nutren 2.0 \u00e9 utilizada para auxiliar na manuten\u00e7\u00e3o e\/ou recupera\u00e7\u00e3o do estado nutricional. \u00c9 direcionado para pessoas que possuem necessidade de alta oferta cal\u00f3rica e menor volume. Al\u00e9m disso, tamb\u00e9m \u00e9 um alimento utilizado na prepara\u00e7\u00e3o &hellip; <\/p>\n<p class=\"more-link-wrap\"><a href=\"https:\/\/unavittarp.com.br\/?product=nutren-2-0-kcal-baunilha-200ml\" class=\"more-link\"><i class=\"opal-icon-plus\" aria-hidden=\"true\"><\/i><span>Read More<span class=\"screen-reader-text\"> &#8220;Nutren  2.0 Kcal Baunilha 200ml&#8221;<\/span><\/span><\/a><\/p>\n","protected":false},"featured_media":8978,"template":"","meta":{"inline_featured_image":false,"_joinchat":[]},"product_cat":[95,93],"product_tag":[],"class_list":{"0":"post-8977","1":"product","2":"type-product","3":"status-publish","4":"has-post-thumbnail","6":"product_cat-nestle","7":"product_cat-suplementos-alimentares","9":"first","10":"instock","11":"shipping-taxable","12":"purchasable","13":"product-type-simple"},"_links":{"self":[{"href":"https:\/\/unavittarp.com.br\/index.php?rest_route=\/wp\/v2\/product\/8977","targetHints":{"allow":["GET"]}}],"collection":[{"href":"https:\/\/unavittarp.com.br\/index.php?rest_route=\/wp\/v2\/product"}],"about":[{"href":"https:\/\/unavittarp.com.br\/index.php?rest_route=\/wp\/v2\/types\/product"}],"wp:featuredmedia":[{"embeddable":true,"href":"https:\/\/unavittarp.com.br\/index.php?rest_route=\/wp\/v2\/media\/8978"}],"wp:attachment":[{"href":"https:\/\/unavittarp.com.br\/index.php?rest_route=%2Fwp%2Fv2%2Fmedia&parent=8977"}],"wp:term":[{"taxonomy":"product_cat","embeddable":true,"href":"https:\/\/unavittarp.com.br\/index.php?rest_route=%2Fwp%2Fv2%2Fproduct_cat&post=8977"},{"taxonomy":"product_tag","embeddable":true,"href":"https:\/\/unavittarp.com.br\/index.php?rest_route=%2Fwp%2Fv2%2Fproduct_tag&post=8977"}],"curies":[{"name":"wp","href":"https:\/\/api.w.org\/{rel}","templated":true}]}}