{"id":8973,"date":"2023-10-23T19:12:56","date_gmt":"2023-10-23T22:12:56","guid":{"rendered":"https:\/\/uopdigital.com\/vitta\/?post_type=product&#038;p=8973"},"modified":"2024-09-09T14:49:44","modified_gmt":"2024-09-09T17:49:44","slug":"nutren-senior-zero-lactose-740g-sem-sabor","status":"publish","type":"product","link":"https:\/\/unavittarp.com.br\/?product=nutren-senior-zero-lactose-740g-sem-sabor","title":{"rendered":"Nutren Senior Zero Lactose 740g Sem Sabor"},"content":{"rendered":"<p>Nutren Senior Sem Sabor em P\u00f3 ZERO LACTOSE \u00e9 pr\u00e1tico e vers\u00e1til. Pode ser adicionado em bebidas e prepara\u00e7\u00f5es doces ou salgadas. Dispon\u00edvel na embalagem 740g.<\/p>\n<p>INDICA\u00c7\u00c3O<\/p>\n<p>Desenvolvido pensado nas necessidades nutricionais de quem j\u00e1 passou dos 50 anos e ainda tem muito o que aproveitar, como parte de dieta com restri\u00e7\u00e3o de lactose ou para complementa\u00e7\u00e3o da nutri\u00e7\u00e3o di\u00e1ria.<\/p>\n<p>BENEF\u00cdCIOS<\/p>\n<ul>\n<li>C\u00e1lcio e vitamina D auxiliam na manuten\u00e7\u00e3o de ossos fortes.<\/li>\n<li>Prote\u00edna contribui na manuten\u00e7\u00e3o dos m\u00fasculos.<\/li>\n<li>Vitaminas: B1, B2, B3, B5, B6 e biotina contribuem para uma produ\u00e7\u00e3o e libera\u00e7\u00e3o de energia.<\/li>\n<li>Zinco e Vitamina C contribuem para o sistema imunol\u00f3gico.<\/li>\n<li>Ferro auxilia na forma\u00e7\u00e3o das c\u00e9lulas vermelhas.<\/li>\n<\/ul>\n<p>CARACTER\u00cdSTICAS<\/p>\n<p>Fonte de macronutrientes:<\/p>\n<p>Gorduras \u2013 31%<\/p>\n<p>Prote\u00ednas \u2013 34%<\/p>\n<p>Carboidratos &#8211; 35%<\/p>\n<p>SABOR<\/p>\n<p>Sem sabor<\/p>\n<p>APRESENTA\u00c7\u00c3O<\/p>\n<p>Dispon\u00edvel na vers\u00e3o lata 740g<\/p>\n","protected":false},"excerpt":{"rendered":"<p>Nutren Senior Sem Sabor em P\u00f3 ZERO LACTOSE \u00e9 pr\u00e1tico e vers\u00e1til. Pode ser adicionado em bebidas e prepara\u00e7\u00f5es doces ou salgadas. Dispon\u00edvel na embalagem 740g. INDICA\u00c7\u00c3O Desenvolvido pensado nas necessidades nutricionais de quem j\u00e1 passou dos 50 anos e ainda tem muito o que aproveitar, como parte de dieta com restri\u00e7\u00e3o de lactose ou &hellip; <\/p>\n<p class=\"more-link-wrap\"><a href=\"https:\/\/unavittarp.com.br\/?product=nutren-senior-zero-lactose-740g-sem-sabor\" class=\"more-link\"><i class=\"opal-icon-plus\" aria-hidden=\"true\"><\/i><span>Read More<span class=\"screen-reader-text\"> &#8220;Nutren Senior Zero Lactose 740g Sem Sabor&#8221;<\/span><\/span><\/a><\/p>\n","protected":false},"featured_media":8975,"template":"","meta":{"inline_featured_image":false,"_joinchat":[]},"product_cat":[95,93],"product_tag":[],"class_list":{"0":"post-8973","1":"product","2":"type-product","3":"status-publish","4":"has-post-thumbnail","6":"product_cat-nestle","7":"product_cat-suplementos-alimentares","9":"first","10":"onbackorder","11":"shipping-taxable","12":"purchasable","13":"product-type-simple"},"_links":{"self":[{"href":"https:\/\/unavittarp.com.br\/index.php?rest_route=\/wp\/v2\/product\/8973","targetHints":{"allow":["GET"]}}],"collection":[{"href":"https:\/\/unavittarp.com.br\/index.php?rest_route=\/wp\/v2\/product"}],"about":[{"href":"https:\/\/unavittarp.com.br\/index.php?rest_route=\/wp\/v2\/types\/product"}],"wp:featuredmedia":[{"embeddable":true,"href":"https:\/\/unavittarp.com.br\/index.php?rest_route=\/wp\/v2\/media\/8975"}],"wp:attachment":[{"href":"https:\/\/unavittarp.com.br\/index.php?rest_route=%2Fwp%2Fv2%2Fmedia&parent=8973"}],"wp:term":[{"taxonomy":"product_cat","embeddable":true,"href":"https:\/\/unavittarp.com.br\/index.php?rest_route=%2Fwp%2Fv2%2Fproduct_cat&post=8973"},{"taxonomy":"product_tag","embeddable":true,"href":"https:\/\/unavittarp.com.br\/index.php?rest_route=%2Fwp%2Fv2%2Fproduct_tag&post=8973"}],"curies":[{"name":"wp","href":"https:\/\/api.w.org\/{rel}","templated":true}]}}