{"id":8969,"date":"2023-10-23T19:05:15","date_gmt":"2023-10-23T22:05:15","guid":{"rendered":"https:\/\/uopdigital.com\/vitta\/?post_type=product&#038;p=8969"},"modified":"2024-08-12T16:21:38","modified_gmt":"2024-08-12T19:21:38","slug":"nutren-senior-370g-sem-sabor","status":"publish","type":"product","link":"https:\/\/unavittarp.com.br\/?product=nutren-senior-370g-sem-sabor","title":{"rendered":"Nutren\u00ae Senior 370g sem sabor"},"content":{"rendered":"<p>Nutren\u00ae Senior foi desenvolvido pensando nas necessidades nutricionais de quem j\u00e1 passou dos 50 e ainda tem muito o que aproveitar. Cont\u00e9m ACT-3, combina\u00e7\u00e3o exclusiva de c\u00e1lcio, prote\u00edna e vitamina D, nutrientes essenciais que ajudam na manuten\u00e7\u00e3o dos ossos e m\u00fasculos.<\/p>\n<p>INDICA\u00c7\u00c3O<\/p>\n<p>As necessidades do corpo mudam com o passar do tempo. Por isso, para aproveitar o melhor da vida, \u00e9 essencial manter h\u00e1bitos de vida saud\u00e1veis, como praticar exerc\u00edcios f\u00edsicos e adotar uma alimenta\u00e7\u00e3o balanceada, rica em c\u00e1lcio, prote\u00edna e vitamina D, nutrientes de Nutren\u00ae Senior, o suplemento nutricional da Nestl\u00e9\u00ae para quem tem mais de 50.<\/p>\n<p>BENEF\u00cdCIOS<\/p>\n<ul>\n<li>C\u00e1lcio e vitamina D auxiliam na manuten\u00e7\u00e3o de ossos fortes.<\/li>\n<li>Prote\u00edna contribui na manuten\u00e7\u00e3o dos m\u00fasculos.<\/li>\n<li>Vitaminas B1, B2, B3, B5, B6 e biotina contribuem para a produ\u00e7\u00e3o e libera\u00e7\u00e3o de energia.<\/li>\n<li>Zinco e Vitamina C contribuem para o sistema imunol\u00f3gico.<\/li>\n<li>Ferro auxilia na forma\u00e7\u00e3o das c\u00e9lulas vermelhas.<\/li>\n<\/ul>\n<p>CARACTER\u00cdSTICAS<\/p>\n<p>Nutren\u00ae Senior \u00e9 pr\u00e1tico, vers\u00e1til e n\u00e3o tem sabor: voc\u00ea pode adicion\u00e1-lo em qualquer prepara\u00e7\u00e3o \u2013 doce, salgado, bebida, sopas, molhos e o que mais voc\u00ea desejar!<\/p>\n<p>SABOR<\/p>\n<p>Sem sabor.<\/p>\n<p>Dispon\u00edvel tamb\u00e9m na vers\u00e3o pronta para beber: chocolate e mix de fruta ou p\u00f3 \u2013 baunilha, caf\u00e9 com leite e chocolate.<\/p>\n<p>APRESENTA\u00c7\u00c3O<\/p>\n<p>Dispon\u00edvel em embalagens de 370g e 740g<\/p>\n","protected":false},"excerpt":{"rendered":"<p>Nutren\u00ae Senior foi desenvolvido pensando nas necessidades nutricionais de quem j\u00e1 passou dos 50 e ainda tem muito o que aproveitar. Cont\u00e9m ACT-3, combina\u00e7\u00e3o exclusiva de c\u00e1lcio, prote\u00edna e vitamina D, nutrientes essenciais que ajudam na manuten\u00e7\u00e3o dos ossos e m\u00fasculos. INDICA\u00c7\u00c3O As necessidades do corpo mudam com o passar do tempo. Por isso, para &hellip; <\/p>\n<p class=\"more-link-wrap\"><a href=\"https:\/\/unavittarp.com.br\/?product=nutren-senior-370g-sem-sabor\" class=\"more-link\"><i class=\"opal-icon-plus\" aria-hidden=\"true\"><\/i><span>Read More<span class=\"screen-reader-text\"> &#8220;Nutren\u00ae Senior 370g sem sabor&#8221;<\/span><\/span><\/a><\/p>\n","protected":false},"featured_media":8970,"template":"","meta":{"inline_featured_image":false,"_joinchat":[]},"product_cat":[95,93],"product_tag":[],"class_list":{"0":"post-8969","1":"product","2":"type-product","3":"status-publish","4":"has-post-thumbnail","6":"product_cat-nestle","7":"product_cat-suplementos-alimentares","9":"first","10":"instock","11":"shipping-taxable","12":"purchasable","13":"product-type-simple"},"_links":{"self":[{"href":"https:\/\/unavittarp.com.br\/index.php?rest_route=\/wp\/v2\/product\/8969","targetHints":{"allow":["GET"]}}],"collection":[{"href":"https:\/\/unavittarp.com.br\/index.php?rest_route=\/wp\/v2\/product"}],"about":[{"href":"https:\/\/unavittarp.com.br\/index.php?rest_route=\/wp\/v2\/types\/product"}],"wp:featuredmedia":[{"embeddable":true,"href":"https:\/\/unavittarp.com.br\/index.php?rest_route=\/wp\/v2\/media\/8970"}],"wp:attachment":[{"href":"https:\/\/unavittarp.com.br\/index.php?rest_route=%2Fwp%2Fv2%2Fmedia&parent=8969"}],"wp:term":[{"taxonomy":"product_cat","embeddable":true,"href":"https:\/\/unavittarp.com.br\/index.php?rest_route=%2Fwp%2Fv2%2Fproduct_cat&post=8969"},{"taxonomy":"product_tag","embeddable":true,"href":"https:\/\/unavittarp.com.br\/index.php?rest_route=%2Fwp%2Fv2%2Fproduct_tag&post=8969"}],"curies":[{"name":"wp","href":"https:\/\/api.w.org\/{rel}","templated":true}]}}