{"id":8960,"date":"2023-10-23T18:57:39","date_gmt":"2023-10-23T21:57:39","guid":{"rendered":"https:\/\/uopdigital.com\/vitta\/?post_type=product&#038;p=8960"},"modified":"2025-09-17T10:56:46","modified_gmt":"2025-09-17T13:56:46","slug":"dianutri-1l","status":"publish","type":"product","link":"https:\/\/unavittarp.com.br\/?product=dianutri-1l","title":{"rendered":"Dianutri 1L"},"content":{"rendered":"<p>&nbsp;<\/p>\n<p>Dianutri 1.0 Kcal\/mL Baunilha 1000mL \u2013 NutrimedUtilizado na nutri\u00e7\u00e3o de\u00a0pacientes com diabetes ou intoler\u00e2ncia \u00e0 glicose, Dianutri 1.0 pode ser usado em\u00a0nutri\u00e7\u00e3o oral ou enteral.\u00a0Portanto, \u00e9 uma dieta para situa\u00e7\u00f5es metab\u00f3licas especiais, dispon\u00edvel no sabor de baunilha e embalagem de 1 litro.\u00a0\u00a0\u00a0\u00a0 A f\u00f3rmula do Dianutri 1.0 \u00e9 normocal\u00f3rica (1,0 Kcal\/ml), hiperlip\u00eddica (46%), normoproteica (15%) e hipoglic\u00eddica (39%), \u00e0 base de prote\u00edna de origem animal, com 16 g de fibras por litro de dieta (70% sol\u00faveis e 30% insol\u00faveis) e enriquecido com carnitina e taurina. Al\u00e9m disso, proporciona uma dieta com uma mistura de carboidratos e fibras que proporcionam absor\u00e7\u00e3o lenta, auxiliando no controle da resposta glic\u00eamica. Isento de sacarose, lactose e gl\u00faten, tamb\u00e9m possui baixo teor de s\u00f3dio. Indica\u00e7\u00e3o: diabetes tipo I e II, diabetes gestacional, s\u00edndrome metab\u00f3lica e intoler\u00e2ncia \u00e0 glicose. Uso somente sob orienta\u00e7\u00e3o m\u00e9dica ou de nutricionista.<\/p>\n","protected":false},"excerpt":{"rendered":"<p>&nbsp; Dianutri 1.0 Kcal\/mL Baunilha 1000mL \u2013 NutrimedUtilizado na nutri\u00e7\u00e3o de\u00a0pacientes com diabetes ou intoler\u00e2ncia \u00e0 glicose, Dianutri 1.0 pode ser usado em\u00a0nutri\u00e7\u00e3o oral ou enteral.\u00a0Portanto, \u00e9 uma dieta para situa\u00e7\u00f5es metab\u00f3licas especiais, dispon\u00edvel no sabor de baunilha e embalagem de 1 litro.\u00a0\u00a0\u00a0\u00a0 A f\u00f3rmula do Dianutri 1.0 \u00e9 normocal\u00f3rica (1,0 Kcal\/ml), hiperlip\u00eddica (46%), normoproteica &hellip; <\/p>\n<p class=\"more-link-wrap\"><a href=\"https:\/\/unavittarp.com.br\/?product=dianutri-1l\" class=\"more-link\"><i class=\"opal-icon-plus\" aria-hidden=\"true\"><\/i><span>Read More<span class=\"screen-reader-text\"> &#8220;Dianutri 1L&#8221;<\/span><\/span><\/a><\/p>\n","protected":false},"featured_media":9229,"template":"","meta":{"inline_featured_image":false,"_joinchat":[]},"product_cat":[96,90],"product_tag":[],"class_list":{"0":"post-8960","1":"product","2":"type-product","3":"status-publish","4":"has-post-thumbnail","6":"product_cat-danone","7":"product_cat-nutricao-enteral","9":"first","10":"instock","11":"shipping-taxable","12":"purchasable","13":"product-type-simple"},"_links":{"self":[{"href":"https:\/\/unavittarp.com.br\/index.php?rest_route=\/wp\/v2\/product\/8960","targetHints":{"allow":["GET"]}}],"collection":[{"href":"https:\/\/unavittarp.com.br\/index.php?rest_route=\/wp\/v2\/product"}],"about":[{"href":"https:\/\/unavittarp.com.br\/index.php?rest_route=\/wp\/v2\/types\/product"}],"wp:featuredmedia":[{"embeddable":true,"href":"https:\/\/unavittarp.com.br\/index.php?rest_route=\/wp\/v2\/media\/9229"}],"wp:attachment":[{"href":"https:\/\/unavittarp.com.br\/index.php?rest_route=%2Fwp%2Fv2%2Fmedia&parent=8960"}],"wp:term":[{"taxonomy":"product_cat","embeddable":true,"href":"https:\/\/unavittarp.com.br\/index.php?rest_route=%2Fwp%2Fv2%2Fproduct_cat&post=8960"},{"taxonomy":"product_tag","embeddable":true,"href":"https:\/\/unavittarp.com.br\/index.php?rest_route=%2Fwp%2Fv2%2Fproduct_tag&post=8960"}],"curies":[{"name":"wp","href":"https:\/\/api.w.org\/{rel}","templated":true}]}}