{"id":8957,"date":"2023-10-23T18:52:40","date_gmt":"2023-10-23T21:52:40","guid":{"rendered":"https:\/\/uopdigital.com\/vitta\/?post_type=product&#038;p=8957"},"modified":"2024-08-12T16:22:10","modified_gmt":"2024-08-12T19:22:10","slug":"novasource-senior-1l","status":"publish","type":"product","link":"https:\/\/unavittarp.com.br\/?product=novasource-senior-1l","title":{"rendered":"Novasource Senior 1L"},"content":{"rendered":"<p>Novasource\u00ae Senior \u00e9 uma f\u00f3rmula especializada destinada para nutri\u00e7\u00e3o de pessoas com necessidades especiais, com condi\u00e7\u00f5es espec\u00edficas de dietas e\/ou restri\u00e7\u00f5es alimentares.F\u00f3rmula hiperproteica, normocal\u00f3rica, normolip\u00eddica, fonte de c\u00e1lcio e ferro e alto teor de vit C e D.<\/p>\n<p>&nbsp;<\/p>\n<p>INDICA\u00c7\u00c3O<\/p>\n<p>Recomendado para auxiliar na manuten\u00e7\u00e3o e\/ou recupera\u00e7\u00e3o do estado nutricional. \u00c9 indicado para pessoas que necessitem de um alto aporte proteico.<\/p>\n<p>Dietas com este perfil podem se enquadrar nas orienta\u00e7\u00f5es dietoter\u00e1picas para algumas condi\u00e7\u00f5es de sa\u00fade, desde desnutri\u00e7\u00e3o at\u00e9 situa\u00e7\u00f5es mais cr\u00edticas.<\/p>\n<p>&nbsp;<\/p>\n<p>CARACTER\u00cdSTICAS E BENEF\u00cdCIOS<\/p>\n<p>Osmolaridade: 333 mosmol\/L de \u00e1gua<\/p>\n<p>Kcal\/mL: 1,2 Kcal\/mL<\/p>\n<p>Prote\u00ednas: 65 g\/L<\/p>\n<p>Fonte de c\u00e1lcio e ferro<\/p>\n<p>Alto teor de vitamina C e D.<\/p>\n<p>&nbsp;<\/p>\n<p>INFORMA\u00c7\u00d5ES DO PRODUTO<\/p>\n<p>Produto: Novasource\u00ae Senior<\/p>\n<p>Marca: Novasource\u00ae<\/p>\n<p>Fabricante: Nestl\u00e9<\/p>\n<p>Embalagem: Tetra Square<\/p>\n<p>Formato: L\u00edquido<\/p>\n<p>Peso: 1 litro<\/p>\n<p>Sabor: Artificial de baunilha<\/p>\n<p>Soja: SIM<\/p>\n<p>Gl\u00faten: N\u00c3O<\/p>\n<p>Lactose: N\u00c3O<\/p>\n<p>Vegano: N\u00c3O<\/p>\n","protected":false},"excerpt":{"rendered":"<p>Novasource\u00ae Senior \u00e9 uma f\u00f3rmula especializada destinada para nutri\u00e7\u00e3o de pessoas com necessidades especiais, com condi\u00e7\u00f5es espec\u00edficas de dietas e\/ou restri\u00e7\u00f5es alimentares.F\u00f3rmula hiperproteica, normocal\u00f3rica, normolip\u00eddica, fonte de c\u00e1lcio e ferro e alto teor de vit C e D. &nbsp; INDICA\u00c7\u00c3O Recomendado para auxiliar na manuten\u00e7\u00e3o e\/ou recupera\u00e7\u00e3o do estado nutricional. \u00c9 indicado para pessoas que &hellip; <\/p>\n<p class=\"more-link-wrap\"><a href=\"https:\/\/unavittarp.com.br\/?product=novasource-senior-1l\" class=\"more-link\"><i class=\"opal-icon-plus\" aria-hidden=\"true\"><\/i><span>Read More<span class=\"screen-reader-text\"> &#8220;Novasource Senior 1L&#8221;<\/span><\/span><\/a><\/p>\n","protected":false},"featured_media":9227,"template":"","meta":{"inline_featured_image":false,"_joinchat":[]},"product_cat":[95,90],"product_tag":[],"class_list":{"0":"post-8957","1":"product","2":"type-product","3":"status-publish","4":"has-post-thumbnail","6":"product_cat-nestle","7":"product_cat-nutricao-enteral","9":"first","10":"onbackorder","11":"shipping-taxable","12":"purchasable","13":"product-type-simple"},"_links":{"self":[{"href":"https:\/\/unavittarp.com.br\/index.php?rest_route=\/wp\/v2\/product\/8957","targetHints":{"allow":["GET"]}}],"collection":[{"href":"https:\/\/unavittarp.com.br\/index.php?rest_route=\/wp\/v2\/product"}],"about":[{"href":"https:\/\/unavittarp.com.br\/index.php?rest_route=\/wp\/v2\/types\/product"}],"wp:featuredmedia":[{"embeddable":true,"href":"https:\/\/unavittarp.com.br\/index.php?rest_route=\/wp\/v2\/media\/9227"}],"wp:attachment":[{"href":"https:\/\/unavittarp.com.br\/index.php?rest_route=%2Fwp%2Fv2%2Fmedia&parent=8957"}],"wp:term":[{"taxonomy":"product_cat","embeddable":true,"href":"https:\/\/unavittarp.com.br\/index.php?rest_route=%2Fwp%2Fv2%2Fproduct_cat&post=8957"},{"taxonomy":"product_tag","embeddable":true,"href":"https:\/\/unavittarp.com.br\/index.php?rest_route=%2Fwp%2Fv2%2Fproduct_tag&post=8957"}],"curies":[{"name":"wp","href":"https:\/\/api.w.org\/{rel}","templated":true}]}}