{"id":8954,"date":"2023-10-23T18:50:19","date_gmt":"2023-10-23T21:50:19","guid":{"rendered":"https:\/\/uopdigital.com\/vitta\/?post_type=product&#038;p=8954"},"modified":"2024-08-12T16:22:27","modified_gmt":"2024-08-12T19:22:27","slug":"novasource-gc-1l","status":"publish","type":"product","link":"https:\/\/unavittarp.com.br\/?product=novasource-gc-1l","title":{"rendered":"Novasource GC 1L"},"content":{"rendered":"<p>Novasource\u00ae GC \u00e9 uma f\u00f3rmula especializada destinada para nutri\u00e7\u00e3o de pessoas com necessidades especiais, com condi\u00e7\u00f5es espec\u00edficas de dietas e\/ou restri\u00e7\u00f5es alimentares. Apresenta em sua composi\u00e7\u00e3o ingredientes como: carboidratos de lenta absor\u00e7\u00e3o e fibras (15g\/L), sem adi\u00e7\u00e3o de sacarose.<\/p>\n<p>&nbsp;<\/p>\n<p>INDICA\u00c7\u00c3O<\/p>\n<p>Recomendado para auxiliar na manuten\u00e7\u00e3o e\/ou recupera\u00e7\u00e3o do estado nutricional. \u00c9 direcionado para pessoas que possuem necessidade de controle de a\u00e7\u00facar na dieta.<\/p>\n<p>Dietas com este perfil podem se enquadrar nas orienta\u00e7\u00f5es dietoter\u00e1picas para algumas condi\u00e7\u00f5es de sa\u00fade, como diarreia aguda ou cr\u00f4nica, constipa\u00e7\u00e3o at\u00e9 situa\u00e7\u00f5es mais cr\u00edticas.<\/p>\n<p>&nbsp;<\/p>\n<p>CARACTER\u00cdSTICAS E BENEF\u00cdCIOS<\/p>\n<p>Osmolaridade: 337 mOsm\/L de \u00e1gua<\/p>\n<p>Kcal\/mL: 1,1 Kcal\/mL<\/p>\n<p>Fibras: 15 g\/L<\/p>\n<p>Sem sacarose.<\/p>\n<p>&nbsp;<\/p>\n<p>INFORMA\u00c7\u00d5ES DO PRODUTO<\/p>\n<p>Produto: Novasource\u00ae GC Baunilha<\/p>\n<p>Marca: Novasource\u00ae<\/p>\n<p>Fabricante: Nestl\u00e9<\/p>\n<p>Embalagem: Tetra Square<\/p>\n<p>Formato: L\u00edquido<\/p>\n<p>Peso: 1 litro<\/p>\n<p>Sabor: Artificial de baunilha<\/p>\n<p>Soja: SIM<\/p>\n<p>Gl\u00faten: N\u00c3O<\/p>\n<p>Lactose: SIM<\/p>\n<p>Vegano: N\u00c3O<\/p>\n","protected":false},"excerpt":{"rendered":"<p>Novasource\u00ae GC \u00e9 uma f\u00f3rmula especializada destinada para nutri\u00e7\u00e3o de pessoas com necessidades especiais, com condi\u00e7\u00f5es espec\u00edficas de dietas e\/ou restri\u00e7\u00f5es alimentares. Apresenta em sua composi\u00e7\u00e3o ingredientes como: carboidratos de lenta absor\u00e7\u00e3o e fibras (15g\/L), sem adi\u00e7\u00e3o de sacarose. &nbsp; INDICA\u00c7\u00c3O Recomendado para auxiliar na manuten\u00e7\u00e3o e\/ou recupera\u00e7\u00e3o do estado nutricional. \u00c9 direcionado para pessoas &hellip; <\/p>\n<p class=\"more-link-wrap\"><a href=\"https:\/\/unavittarp.com.br\/?product=novasource-gc-1l\" class=\"more-link\"><i class=\"opal-icon-plus\" aria-hidden=\"true\"><\/i><span>Read More<span class=\"screen-reader-text\"> &#8220;Novasource GC 1L&#8221;<\/span><\/span><\/a><\/p>\n","protected":false},"featured_media":9222,"template":"","meta":{"inline_featured_image":false,"_joinchat":[]},"product_cat":[95,90],"product_tag":[],"class_list":{"0":"post-8954","1":"product","2":"type-product","3":"status-publish","4":"has-post-thumbnail","6":"product_cat-nestle","7":"product_cat-nutricao-enteral","9":"first","10":"instock","11":"shipping-taxable","12":"purchasable","13":"product-type-simple"},"_links":{"self":[{"href":"https:\/\/unavittarp.com.br\/index.php?rest_route=\/wp\/v2\/product\/8954","targetHints":{"allow":["GET"]}}],"collection":[{"href":"https:\/\/unavittarp.com.br\/index.php?rest_route=\/wp\/v2\/product"}],"about":[{"href":"https:\/\/unavittarp.com.br\/index.php?rest_route=\/wp\/v2\/types\/product"}],"wp:featuredmedia":[{"embeddable":true,"href":"https:\/\/unavittarp.com.br\/index.php?rest_route=\/wp\/v2\/media\/9222"}],"wp:attachment":[{"href":"https:\/\/unavittarp.com.br\/index.php?rest_route=%2Fwp%2Fv2%2Fmedia&parent=8954"}],"wp:term":[{"taxonomy":"product_cat","embeddable":true,"href":"https:\/\/unavittarp.com.br\/index.php?rest_route=%2Fwp%2Fv2%2Fproduct_cat&post=8954"},{"taxonomy":"product_tag","embeddable":true,"href":"https:\/\/unavittarp.com.br\/index.php?rest_route=%2Fwp%2Fv2%2Fproduct_tag&post=8954"}],"curies":[{"name":"wp","href":"https:\/\/api.w.org\/{rel}","templated":true}]}}