{"id":8951,"date":"2023-10-23T18:47:24","date_gmt":"2023-10-23T21:47:24","guid":{"rendered":"https:\/\/uopdigital.com\/vitta\/?post_type=product&#038;p=8951"},"modified":"2025-02-10T12:23:44","modified_gmt":"2025-02-10T15:23:44","slug":"isosource-mix-baunilha-1l","status":"publish","type":"product","link":"https:\/\/unavittarp.com.br\/?product=isosource-mix-baunilha-1l","title":{"rendered":"Isosource Mix Baunilha 1L"},"content":{"rendered":"<p>Isosource\u00ae Mix \u00e9 uma f\u00f3rmula padr\u00e3o destinada para nutri\u00e7\u00e3o de pessoas com necessidades especiais, com condi\u00e7\u00f5es espec\u00edficas de dietas e\/ou restri\u00e7\u00f5es alimentares. \u00c9 normocal\u00f3rico, cada 1ml fornece 1,2kcal e um mix de fibras.<\/p>\n<p>&nbsp;<\/p>\n<p>INDICA\u00c7\u00c3O<\/p>\n<p>Recomendado para auxiliar na manuten\u00e7\u00e3o e\/ou recupera\u00e7\u00e3o do estado nutricional. \u00c9 indicado para pessoas que possuem necessidade da adi\u00e7\u00e3o de um mix de fibras na dieta.<\/p>\n<p>&nbsp;<\/p>\n<p>Dietas com este perfil podem se enquadrar nas orienta\u00e7\u00f5es dietoter\u00e1picas para algumas condi\u00e7\u00f5es de sa\u00fade, desde desnutri\u00e7\u00e3o at\u00e9 situa\u00e7\u00f5es mais cr\u00edticas.<\/p>\n<p>&nbsp;<\/p>\n<p>CONSULTE SEMPRE SEU M\u00c9DICO E\/OU NUTRICIONISTA<\/p>\n<p>&nbsp;<\/p>\n<p>CARACTER\u00cdSTICAS E BENEF\u00cdCIOS<\/p>\n<p>Osmolalidade: 390 mosmol\/kg de \u00e1gua<\/p>\n<p>1,2kcal\/mL<\/p>\n<p>43g\/L ptn<\/p>\n<p>Mix de fibras<\/p>\n<p>&nbsp;<\/p>\n<p>INFORMA\u00c7\u00d5ES DO PRODUTO<\/p>\n<p>Produto: Isosource\u00ae Mix<\/p>\n<p>Marca: Isosource\u00ae<\/p>\n<p>Fabricante: Nestl\u00e9<\/p>\n<p>Embalagem: Tetra Square<\/p>\n<p>Formato: L\u00edquido<\/p>\n<p>Peso: 1 litro<\/p>\n<p>Sabor: Artificial de baunilha<\/p>\n<p>Soja: SIM<\/p>\n<p>Gl\u00faten: N\u00c3O<\/p>\n<p>Lactose: SIM<\/p>\n<p>Vegano: N\u00c3O?<\/p>\n","protected":false},"excerpt":{"rendered":"<p>Isosource\u00ae Mix \u00e9 uma f\u00f3rmula padr\u00e3o destinada para nutri\u00e7\u00e3o de pessoas com necessidades especiais, com condi\u00e7\u00f5es espec\u00edficas de dietas e\/ou restri\u00e7\u00f5es alimentares. \u00c9 normocal\u00f3rico, cada 1ml fornece 1,2kcal e um mix de fibras. &nbsp; INDICA\u00c7\u00c3O Recomendado para auxiliar na manuten\u00e7\u00e3o e\/ou recupera\u00e7\u00e3o do estado nutricional. \u00c9 indicado para pessoas que possuem necessidade da adi\u00e7\u00e3o de &hellip; <\/p>\n<p class=\"more-link-wrap\"><a href=\"https:\/\/unavittarp.com.br\/?product=isosource-mix-baunilha-1l\" class=\"more-link\"><i class=\"opal-icon-plus\" aria-hidden=\"true\"><\/i><span>Read More<span class=\"screen-reader-text\"> &#8220;Isosource Mix Baunilha 1L&#8221;<\/span><\/span><\/a><\/p>\n","protected":false},"featured_media":9220,"template":"","meta":{"inline_featured_image":false,"_joinchat":[]},"product_cat":[95,90],"product_tag":[],"class_list":{"0":"post-8951","1":"product","2":"type-product","3":"status-publish","4":"has-post-thumbnail","6":"product_cat-nestle","7":"product_cat-nutricao-enteral","9":"first","10":"instock","11":"shipping-taxable","12":"purchasable","13":"product-type-simple"},"_links":{"self":[{"href":"https:\/\/unavittarp.com.br\/index.php?rest_route=\/wp\/v2\/product\/8951","targetHints":{"allow":["GET"]}}],"collection":[{"href":"https:\/\/unavittarp.com.br\/index.php?rest_route=\/wp\/v2\/product"}],"about":[{"href":"https:\/\/unavittarp.com.br\/index.php?rest_route=\/wp\/v2\/types\/product"}],"wp:featuredmedia":[{"embeddable":true,"href":"https:\/\/unavittarp.com.br\/index.php?rest_route=\/wp\/v2\/media\/9220"}],"wp:attachment":[{"href":"https:\/\/unavittarp.com.br\/index.php?rest_route=%2Fwp%2Fv2%2Fmedia&parent=8951"}],"wp:term":[{"taxonomy":"product_cat","embeddable":true,"href":"https:\/\/unavittarp.com.br\/index.php?rest_route=%2Fwp%2Fv2%2Fproduct_cat&post=8951"},{"taxonomy":"product_tag","embeddable":true,"href":"https:\/\/unavittarp.com.br\/index.php?rest_route=%2Fwp%2Fv2%2Fproduct_tag&post=8951"}],"curies":[{"name":"wp","href":"https:\/\/api.w.org\/{rel}","templated":true}]}}