{"id":8945,"date":"2023-10-23T18:40:31","date_gmt":"2023-10-23T21:40:31","guid":{"rendered":"https:\/\/uopdigital.com\/vitta\/?post_type=product&#038;p=8945"},"modified":"2025-02-10T12:24:31","modified_gmt":"2025-02-10T15:24:31","slug":"isosource-1-5-baunilha-1l","status":"publish","type":"product","link":"https:\/\/unavittarp.com.br\/?product=isosource-1-5-baunilha-1l","title":{"rendered":"Isosource 1.5 Baunilha 1L"},"content":{"rendered":"<p>Isosource\u00ae 1.5 \u00e9 uma f\u00f3rmula padr\u00e3o destinada para nutri\u00e7\u00e3o de pessoas com necessidades especiais, com condi\u00e7\u00f5es espec\u00edficas de dietas e\/ou restri\u00e7\u00f5es alimentares. \u00c9 hipercal\u00f3rico, sendo que cada 1ml fornece 1,5kcal.\u00a0 MODO DE<\/p>\n<p>PREPARO<\/p>\n<p>Produto pronto para consumo. Agite bem antes de consumir. F\u00f3rmula comercialmente est\u00e9ril. Manusear a embalagem de acordo com as Boas Pr\u00e1ticas de Manipula\u00e7\u00e3o para evitar contamina\u00e7\u00e3o.<\/p>\n<p>&nbsp;<\/p>\n<p>CONSERVA\u00c7\u00c3O<\/p>\n<p>Manter a embalagem fechada \u00e0 temperatura ambiente em local seco e fresco. Ap\u00f3s aberta, conservar devidamente tampada e sob refrigera\u00e7\u00e3o por no m\u00e1ximo 24h.Al\u00e9rgicos: cont\u00e9m derivados de leite e soja<\/p>\n<p>N\u00e3o cont\u00e9m gl\u00faten. Fibras: 8g\/L (56% inulina, 44% fibra de soja<\/p>\n<p>&nbsp;<\/p>\n<p>INFORMA\u00c7\u00d5ES DO PRODUTO<\/p>\n<p>Produto: Isosource\u00ae 1.5<\/p>\n<p>Marca: Isosource\u00ae<\/p>\n<p>Fabricante: Nestl\u00e9<\/p>\n<p>Embalagem: Tetra Square<\/p>\n<p>Formato: L\u00edquido<\/p>\n<p>Peso: 1 litro<\/p>\n<p>Sabor: Artificial de baunilha<\/p>\n<p>Soja: SIM<\/p>\n<p>Gl\u00faten: N\u00c3O<\/p>\n<p>Lactose: N\u00c3O<\/p>\n<p>Vegano: N\u00c3O<\/p>\n","protected":false},"excerpt":{"rendered":"<p>Isosource\u00ae 1.5 \u00e9 uma f\u00f3rmula padr\u00e3o destinada para nutri\u00e7\u00e3o de pessoas com necessidades especiais, com condi\u00e7\u00f5es espec\u00edficas de dietas e\/ou restri\u00e7\u00f5es alimentares. \u00c9 hipercal\u00f3rico, sendo que cada 1ml fornece 1,5kcal.\u00a0 MODO DE PREPARO Produto pronto para consumo. Agite bem antes de consumir. F\u00f3rmula comercialmente est\u00e9ril. Manusear a embalagem de acordo com as Boas Pr\u00e1ticas de &hellip; <\/p>\n<p class=\"more-link-wrap\"><a href=\"https:\/\/unavittarp.com.br\/?product=isosource-1-5-baunilha-1l\" class=\"more-link\"><i class=\"opal-icon-plus\" aria-hidden=\"true\"><\/i><span>Read More<span class=\"screen-reader-text\"> &#8220;Isosource 1.5 Baunilha 1L&#8221;<\/span><\/span><\/a><\/p>\n","protected":false},"featured_media":9215,"template":"","meta":{"inline_featured_image":false,"_joinchat":[]},"product_cat":[95,90],"product_tag":[],"class_list":{"0":"post-8945","1":"product","2":"type-product","3":"status-publish","4":"has-post-thumbnail","6":"product_cat-nestle","7":"product_cat-nutricao-enteral","9":"first","10":"instock","11":"shipping-taxable","12":"purchasable","13":"product-type-simple"},"_links":{"self":[{"href":"https:\/\/unavittarp.com.br\/index.php?rest_route=\/wp\/v2\/product\/8945","targetHints":{"allow":["GET"]}}],"collection":[{"href":"https:\/\/unavittarp.com.br\/index.php?rest_route=\/wp\/v2\/product"}],"about":[{"href":"https:\/\/unavittarp.com.br\/index.php?rest_route=\/wp\/v2\/types\/product"}],"wp:featuredmedia":[{"embeddable":true,"href":"https:\/\/unavittarp.com.br\/index.php?rest_route=\/wp\/v2\/media\/9215"}],"wp:attachment":[{"href":"https:\/\/unavittarp.com.br\/index.php?rest_route=%2Fwp%2Fv2%2Fmedia&parent=8945"}],"wp:term":[{"taxonomy":"product_cat","embeddable":true,"href":"https:\/\/unavittarp.com.br\/index.php?rest_route=%2Fwp%2Fv2%2Fproduct_cat&post=8945"},{"taxonomy":"product_tag","embeddable":true,"href":"https:\/\/unavittarp.com.br\/index.php?rest_route=%2Fwp%2Fv2%2Fproduct_tag&post=8945"}],"curies":[{"name":"wp","href":"https:\/\/api.w.org\/{rel}","templated":true}]}}